{"id":896,"date":"2017-07-13T08:15:13","date_gmt":"2017-07-13T07:15:13","guid":{"rendered":"http:\/\/www.cordales.be\/?page_id=896"},"modified":"2018-03-19T13:31:00","modified_gmt":"2018-03-19T12:31:00","slug":"la-maitresse-decole","status":"publish","type":"page","link":"http:\/\/www.cordales.be\/index.php\/galerie\/la-maitresse-decole\/","title":{"rendered":"La Ma\u00eetresse d&rsquo;\u00e9cole"},"content":{"rendered":"<p><a href=\"http:\/\/www.cordales.be\/wp-content\/uploads\/2017\/07\/La-Ma\u00eetrese-d\u00e9cole-3.jpg\"><img loading=\"lazy\" decoding=\"async\" class=\"alignnone size-medium wp-image-894\" src=\"http:\/\/www.cordales.be\/wp-content\/uploads\/2017\/07\/La-Ma\u00eetrese-d\u00e9cole-3-300x245.jpg\" alt=\"La Ma\u00eetrese d'\u00e9cole (3)\" width=\"300\" height=\"245\" srcset=\"http:\/\/www.cordales.be\/wp-content\/uploads\/2017\/07\/La-Ma\u00eetrese-d\u00e9cole-3-300x245.jpg 300w, http:\/\/www.cordales.be\/wp-content\/uploads\/2017\/07\/La-Ma\u00eetrese-d\u00e9cole-3-1024x837.jpg 1024w, http:\/\/www.cordales.be\/wp-content\/uploads\/2017\/07\/La-Ma\u00eetrese-d\u00e9cole-3.jpg 1070w\" sizes=\"(max-width: 300px) 100vw, 300px\" \/><\/a><\/p>\n<p><em>La ma\u00eetresse d&rsquo;\u00e9cole, ol\u00e9 ol\u00e9 et sexy tient en main une pomme (croyez moi) cueillie \u00e0 l&rsquo;arbre de vie et de connaissance&#8230;Les livres sur la table figurent aussi le savoir, la science&#8230;Science et philosophie s&rsquo;intriguent, se mixent, se subliment pour tenter d&rsquo;approcher la v\u00e9rit\u00e9 VRAIE&#8230;Mais la diablesse qui d\u00e9chire la vo\u00fbte c\u00e9leste en rit encore!<\/em><\/p>\n<p><em>Cette\u00a0\u00ab\u00a0Ma\u00eetresse d&rsquo;\u00e9cole sympa, sexy, cool&#8230;<\/em><br \/>\n<em>Mais tout cela n&rsquo;est qu&rsquo;apparence&#8230;<\/em><br \/>\n<em>Elle cache bien son jeu&#8230;<\/em><br \/>\n<em>Ce n&rsquo;est qu&rsquo;une tentatrice qui vise \u00e0 nous perdre!<\/em><br \/>\n<em>Tel le serpent , elle offre une pomme!<span class=\"text_exposed_show\"><br \/>\nElle rend hommage non pas \u00e0 la bible, au coran ou \u00e0 Newton mais \u00e0 Sade le maudit&#8230;<br \/>\nEt le diablotin cr\u00e8ve la vo\u00fbte c\u00e9leste et se r\u00e9jouit d&rsquo;avance&#8230;.<\/span><\/em><\/p>\n<p>Est-ce cette Ma\u00eetresse d&rsquo;\u00e9cole dont tous les petits (ou grands) gar\u00e7ons r\u00eaveraient?<\/p>\n<p>Huile sur toile: 60 x 50 cm<\/p>\n<p>&nbsp;<\/p>\n","protected":false},"excerpt":{"rendered":"<p>La ma\u00eetresse d&rsquo;\u00e9cole, ol\u00e9 ol\u00e9 et sexy tient en main une pomme (croyez moi) cueillie \u00e0 l&rsquo;arbre de vie et de connaissance&#8230;Les livres sur la table figurent aussi le savoir, la science&#8230;Science et philosophie s&rsquo;intriguent, se mixent, se subliment pour tenter d&rsquo;approcher la v\u00e9rit\u00e9 VRAIE&#8230;Mais la diablesse qui d\u00e9chire la vo\u00fbte c\u00e9leste en rit encore! &hellip; <a href=\"http:\/\/www.cordales.be\/index.php\/galerie\/la-maitresse-decole\/\" class=\"more-link\">Continuer la lecture de <span class=\"screen-reader-text\">La Ma\u00eetresse d&rsquo;\u00e9cole<\/span> <span class=\"meta-nav\">&rarr;<\/span><\/a><\/p>\n","protected":false},"author":2,"featured_media":0,"parent":11,"menu_order":0,"comment_status":"closed","ping_status":"open","template":"","meta":{"ngg_post_thumbnail":0,"footnotes":""},"yoast_head":"<!-- This site is optimized with the Yoast SEO plugin v21.7 - https:\/\/yoast.com\/wordpress\/plugins\/seo\/ -->\n<title>La Ma\u00eetresse d&#039;\u00e9cole - Cordal\u00e8s<\/title>\n<meta name=\"robots\" content=\"index, follow, max-snippet:-1, max-image-preview:large, max-video-preview:-1\" \/>\n<link rel=\"canonical\" href=\"http:\/\/www.cordales.be\/index.php\/galerie\/la-maitresse-decole\/\" \/>\n<meta property=\"og:locale\" content=\"fr_FR\" \/>\n<meta property=\"og:type\" content=\"article\" \/>\n<meta property=\"og:title\" content=\"La Ma\u00eetresse d&#039;\u00e9cole - Cordal\u00e8s\" \/>\n<meta property=\"og:description\" content=\"La ma\u00eetresse d&rsquo;\u00e9cole, ol\u00e9 ol\u00e9 et sexy tient en main une pomme (croyez moi) cueillie \u00e0 l&rsquo;arbre de vie et de connaissance&#8230;Les livres sur la table figurent aussi le savoir, la science&#8230;Science et philosophie s&rsquo;intriguent, se mixent, se subliment pour tenter d&rsquo;approcher la v\u00e9rit\u00e9 VRAIE&#8230;Mais la diablesse qui d\u00e9chire la vo\u00fbte c\u00e9leste en rit encore! &hellip; Continuer la lecture de La Ma\u00eetresse d&rsquo;\u00e9cole &rarr;\" \/>\n<meta property=\"og:url\" content=\"http:\/\/www.cordales.be\/index.php\/galerie\/la-maitresse-decole\/\" \/>\n<meta property=\"og:site_name\" content=\"Cordal\u00e8s\" \/>\n<meta property=\"article:modified_time\" content=\"2018-03-19T12:31:00+00:00\" \/>\n<meta name=\"twitter:label1\" content=\"Dur\u00e9e de lecture estim\u00e9e\" \/>\n\t<meta name=\"twitter:data1\" content=\"1 minute\" \/>\n<script type=\"application\/ld+json\" class=\"yoast-schema-graph\">{\"@context\":\"https:\/\/schema.org\",\"@graph\":[{\"@type\":\"WebPage\",\"@id\":\"http:\/\/www.cordales.be\/index.php\/galerie\/la-maitresse-decole\/\",\"url\":\"http:\/\/www.cordales.be\/index.php\/galerie\/la-maitresse-decole\/\",\"name\":\"La Ma\u00eetresse d'\u00e9cole - Cordal\u00e8s\",\"isPartOf\":{\"@id\":\"http:\/\/www.cordales.be\/#website\"},\"datePublished\":\"2017-07-13T07:15:13+00:00\",\"dateModified\":\"2018-03-19T12:31:00+00:00\",\"breadcrumb\":{\"@id\":\"http:\/\/www.cordales.be\/index.php\/galerie\/la-maitresse-decole\/#breadcrumb\"},\"inLanguage\":\"fr-FR\",\"potentialAction\":[{\"@type\":\"ReadAction\",\"target\":[\"http:\/\/www.cordales.be\/index.php\/galerie\/la-maitresse-decole\/\"]}]},{\"@type\":\"BreadcrumbList\",\"@id\":\"http:\/\/www.cordales.be\/index.php\/galerie\/la-maitresse-decole\/#breadcrumb\",\"itemListElement\":[{\"@type\":\"ListItem\",\"position\":1,\"name\":\"Accueil\",\"item\":\"http:\/\/www.cordales.be\/\"},{\"@type\":\"ListItem\",\"position\":2,\"name\":\"Galerie\",\"item\":\"http:\/\/www.cordales.be\/index.php\/galerie\/\"},{\"@type\":\"ListItem\",\"position\":3,\"name\":\"La Ma\u00eetresse d&rsquo;\u00e9cole\"}]},{\"@type\":\"WebSite\",\"@id\":\"http:\/\/www.cordales.be\/#website\",\"url\":\"http:\/\/www.cordales.be\/\",\"name\":\"Cordal\u00e8s\",\"description\":\"Artiste peintre\",\"potentialAction\":[{\"@type\":\"SearchAction\",\"target\":{\"@type\":\"EntryPoint\",\"urlTemplate\":\"http:\/\/www.cordales.be\/?s={search_term_string}\"},\"query-input\":\"required name=search_term_string\"}],\"inLanguage\":\"fr-FR\"}]}<\/script>\n<!-- \/ Yoast SEO plugin. -->","yoast_head_json":{"title":"La Ma\u00eetresse d'\u00e9cole - Cordal\u00e8s","robots":{"index":"index","follow":"follow","max-snippet":"max-snippet:-1","max-image-preview":"max-image-preview:large","max-video-preview":"max-video-preview:-1"},"canonical":"http:\/\/www.cordales.be\/index.php\/galerie\/la-maitresse-decole\/","og_locale":"fr_FR","og_type":"article","og_title":"La Ma\u00eetresse d'\u00e9cole - Cordal\u00e8s","og_description":"La ma\u00eetresse d&rsquo;\u00e9cole, ol\u00e9 ol\u00e9 et sexy tient en main une pomme (croyez moi) cueillie \u00e0 l&rsquo;arbre de vie et de connaissance&#8230;Les livres sur la table figurent aussi le savoir, la science&#8230;Science et philosophie s&rsquo;intriguent, se mixent, se subliment pour tenter d&rsquo;approcher la v\u00e9rit\u00e9 VRAIE&#8230;Mais la diablesse qui d\u00e9chire la vo\u00fbte c\u00e9leste en rit encore! &hellip; Continuer la lecture de La Ma\u00eetresse d&rsquo;\u00e9cole &rarr;","og_url":"http:\/\/www.cordales.be\/index.php\/galerie\/la-maitresse-decole\/","og_site_name":"Cordal\u00e8s","article_modified_time":"2018-03-19T12:31:00+00:00","twitter_misc":{"Dur\u00e9e de lecture estim\u00e9e":"1 minute"},"schema":{"@context":"https:\/\/schema.org","@graph":[{"@type":"WebPage","@id":"http:\/\/www.cordales.be\/index.php\/galerie\/la-maitresse-decole\/","url":"http:\/\/www.cordales.be\/index.php\/galerie\/la-maitresse-decole\/","name":"La Ma\u00eetresse d'\u00e9cole - Cordal\u00e8s","isPartOf":{"@id":"http:\/\/www.cordales.be\/#website"},"datePublished":"2017-07-13T07:15:13+00:00","dateModified":"2018-03-19T12:31:00+00:00","breadcrumb":{"@id":"http:\/\/www.cordales.be\/index.php\/galerie\/la-maitresse-decole\/#breadcrumb"},"inLanguage":"fr-FR","potentialAction":[{"@type":"ReadAction","target":["http:\/\/www.cordales.be\/index.php\/galerie\/la-maitresse-decole\/"]}]},{"@type":"BreadcrumbList","@id":"http:\/\/www.cordales.be\/index.php\/galerie\/la-maitresse-decole\/#breadcrumb","itemListElement":[{"@type":"ListItem","position":1,"name":"Accueil","item":"http:\/\/www.cordales.be\/"},{"@type":"ListItem","position":2,"name":"Galerie","item":"http:\/\/www.cordales.be\/index.php\/galerie\/"},{"@type":"ListItem","position":3,"name":"La Ma\u00eetresse d&rsquo;\u00e9cole"}]},{"@type":"WebSite","@id":"http:\/\/www.cordales.be\/#website","url":"http:\/\/www.cordales.be\/","name":"Cordal\u00e8s","description":"Artiste peintre","potentialAction":[{"@type":"SearchAction","target":{"@type":"EntryPoint","urlTemplate":"http:\/\/www.cordales.be\/?s={search_term_string}"},"query-input":"required name=search_term_string"}],"inLanguage":"fr-FR"}]}},"_links":{"self":[{"href":"http:\/\/www.cordales.be\/index.php\/wp-json\/wp\/v2\/pages\/896"}],"collection":[{"href":"http:\/\/www.cordales.be\/index.php\/wp-json\/wp\/v2\/pages"}],"about":[{"href":"http:\/\/www.cordales.be\/index.php\/wp-json\/wp\/v2\/types\/page"}],"author":[{"embeddable":true,"href":"http:\/\/www.cordales.be\/index.php\/wp-json\/wp\/v2\/users\/2"}],"replies":[{"embeddable":true,"href":"http:\/\/www.cordales.be\/index.php\/wp-json\/wp\/v2\/comments?post=896"}],"version-history":[{"count":6,"href":"http:\/\/www.cordales.be\/index.php\/wp-json\/wp\/v2\/pages\/896\/revisions"}],"predecessor-version":[{"id":935,"href":"http:\/\/www.cordales.be\/index.php\/wp-json\/wp\/v2\/pages\/896\/revisions\/935"}],"up":[{"embeddable":true,"href":"http:\/\/www.cordales.be\/index.php\/wp-json\/wp\/v2\/pages\/11"}],"wp:attachment":[{"href":"http:\/\/www.cordales.be\/index.php\/wp-json\/wp\/v2\/media?parent=896"}],"curies":[{"name":"wp","href":"https:\/\/api.w.org\/{rel}","templated":true}]}}