{"id":884,"date":"2017-01-30T18:54:42","date_gmt":"2017-01-30T17:54:42","guid":{"rendered":"http:\/\/www.cordales.be\/?page_id=884"},"modified":"2017-01-30T19:01:45","modified_gmt":"2017-01-30T18:01:45","slug":"cathedrale","status":"publish","type":"page","link":"http:\/\/www.cordales.be\/index.php\/galerie\/cathedrale\/","title":{"rendered":"Cath\u00e9drale"},"content":{"rendered":"<p><a href=\"http:\/\/www.cordales.be\/wp-content\/uploads\/2017\/01\/Cath\u00e9drale-10.jpg\"><img loading=\"lazy\" decoding=\"async\" class=\"alignnone size-medium wp-image-883\" src=\"http:\/\/www.cordales.be\/wp-content\/uploads\/2017\/01\/Cath\u00e9drale-10-300x206.jpg\" alt=\"OLYMPUS DIGITAL CAMERA\" width=\"300\" height=\"206\" srcset=\"http:\/\/www.cordales.be\/wp-content\/uploads\/2017\/01\/Cath\u00e9drale-10-300x206.jpg 300w, http:\/\/www.cordales.be\/wp-content\/uploads\/2017\/01\/Cath\u00e9drale-10-1024x704.jpg 1024w\" sizes=\"(max-width: 300px) 100vw, 300px\" \/><\/a><\/p>\n<p>Dans le secret et la froideur d&rsquo;une cath\u00e9drale,<\/p>\n<p>la chrysalide termine sa mue et va bient\u00f4t s&rsquo;extirper de sa gangue de m\u00e9tal<\/p>\n<p>pour s&rsquo;\u00e9lancer au-del\u00e0 de la porte massive vers d\u2019enivrantes aventures<\/p>\n<p>Huile sur toile : 40 x 60 cm<\/p>\n<p>Prix: 750\u20ac<\/p>\n<p>&nbsp;<\/p>\n","protected":false},"excerpt":{"rendered":"<p>Dans le secret et la froideur d&rsquo;une cath\u00e9drale, la chrysalide termine sa mue et va bient\u00f4t s&rsquo;extirper de sa gangue de m\u00e9tal pour s&rsquo;\u00e9lancer au-del\u00e0 de la porte massive vers d\u2019enivrantes aventures Huile sur toile : 40 x 60 cm Prix: 750\u20ac &nbsp;<\/p>\n","protected":false},"author":2,"featured_media":0,"parent":11,"menu_order":0,"comment_status":"closed","ping_status":"open","template":"","meta":{"ngg_post_thumbnail":0,"footnotes":""},"yoast_head":"<!-- This site is optimized with the Yoast SEO plugin v21.7 - https:\/\/yoast.com\/wordpress\/plugins\/seo\/ -->\n<title>Cath\u00e9drale - Cordal\u00e8s<\/title>\n<meta name=\"robots\" content=\"index, follow, max-snippet:-1, max-image-preview:large, max-video-preview:-1\" \/>\n<link rel=\"canonical\" href=\"http:\/\/www.cordales.be\/index.php\/galerie\/cathedrale\/\" \/>\n<meta property=\"og:locale\" content=\"fr_FR\" \/>\n<meta property=\"og:type\" content=\"article\" \/>\n<meta property=\"og:title\" content=\"Cath\u00e9drale - Cordal\u00e8s\" \/>\n<meta property=\"og:description\" content=\"Dans le secret et la froideur d&rsquo;une cath\u00e9drale, la chrysalide termine sa mue et va bient\u00f4t s&rsquo;extirper de sa gangue de m\u00e9tal pour s&rsquo;\u00e9lancer au-del\u00e0 de la porte massive vers d\u2019enivrantes aventures Huile sur toile : 40 x 60 cm Prix: 750\u20ac &nbsp;\" \/>\n<meta property=\"og:url\" content=\"http:\/\/www.cordales.be\/index.php\/galerie\/cathedrale\/\" \/>\n<meta property=\"og:site_name\" content=\"Cordal\u00e8s\" \/>\n<meta property=\"article:modified_time\" content=\"2017-01-30T18:01:45+00:00\" \/>\n<script type=\"application\/ld+json\" class=\"yoast-schema-graph\">{\"@context\":\"https:\/\/schema.org\",\"@graph\":[{\"@type\":\"WebPage\",\"@id\":\"http:\/\/www.cordales.be\/index.php\/galerie\/cathedrale\/\",\"url\":\"http:\/\/www.cordales.be\/index.php\/galerie\/cathedrale\/\",\"name\":\"Cath\u00e9drale - Cordal\u00e8s\",\"isPartOf\":{\"@id\":\"http:\/\/www.cordales.be\/#website\"},\"datePublished\":\"2017-01-30T17:54:42+00:00\",\"dateModified\":\"2017-01-30T18:01:45+00:00\",\"breadcrumb\":{\"@id\":\"http:\/\/www.cordales.be\/index.php\/galerie\/cathedrale\/#breadcrumb\"},\"inLanguage\":\"fr-FR\",\"potentialAction\":[{\"@type\":\"ReadAction\",\"target\":[\"http:\/\/www.cordales.be\/index.php\/galerie\/cathedrale\/\"]}]},{\"@type\":\"BreadcrumbList\",\"@id\":\"http:\/\/www.cordales.be\/index.php\/galerie\/cathedrale\/#breadcrumb\",\"itemListElement\":[{\"@type\":\"ListItem\",\"position\":1,\"name\":\"Accueil\",\"item\":\"http:\/\/www.cordales.be\/\"},{\"@type\":\"ListItem\",\"position\":2,\"name\":\"Galerie\",\"item\":\"http:\/\/www.cordales.be\/index.php\/galerie\/\"},{\"@type\":\"ListItem\",\"position\":3,\"name\":\"Cath\u00e9drale\"}]},{\"@type\":\"WebSite\",\"@id\":\"http:\/\/www.cordales.be\/#website\",\"url\":\"http:\/\/www.cordales.be\/\",\"name\":\"Cordal\u00e8s\",\"description\":\"Artiste peintre\",\"potentialAction\":[{\"@type\":\"SearchAction\",\"target\":{\"@type\":\"EntryPoint\",\"urlTemplate\":\"http:\/\/www.cordales.be\/?s={search_term_string}\"},\"query-input\":\"required name=search_term_string\"}],\"inLanguage\":\"fr-FR\"}]}<\/script>\n<!-- \/ Yoast SEO plugin. -->","yoast_head_json":{"title":"Cath\u00e9drale - Cordal\u00e8s","robots":{"index":"index","follow":"follow","max-snippet":"max-snippet:-1","max-image-preview":"max-image-preview:large","max-video-preview":"max-video-preview:-1"},"canonical":"http:\/\/www.cordales.be\/index.php\/galerie\/cathedrale\/","og_locale":"fr_FR","og_type":"article","og_title":"Cath\u00e9drale - Cordal\u00e8s","og_description":"Dans le secret et la froideur d&rsquo;une cath\u00e9drale, la chrysalide termine sa mue et va bient\u00f4t s&rsquo;extirper de sa gangue de m\u00e9tal pour s&rsquo;\u00e9lancer au-del\u00e0 de la porte massive vers d\u2019enivrantes aventures Huile sur toile : 40 x 60 cm Prix: 750\u20ac &nbsp;","og_url":"http:\/\/www.cordales.be\/index.php\/galerie\/cathedrale\/","og_site_name":"Cordal\u00e8s","article_modified_time":"2017-01-30T18:01:45+00:00","schema":{"@context":"https:\/\/schema.org","@graph":[{"@type":"WebPage","@id":"http:\/\/www.cordales.be\/index.php\/galerie\/cathedrale\/","url":"http:\/\/www.cordales.be\/index.php\/galerie\/cathedrale\/","name":"Cath\u00e9drale - Cordal\u00e8s","isPartOf":{"@id":"http:\/\/www.cordales.be\/#website"},"datePublished":"2017-01-30T17:54:42+00:00","dateModified":"2017-01-30T18:01:45+00:00","breadcrumb":{"@id":"http:\/\/www.cordales.be\/index.php\/galerie\/cathedrale\/#breadcrumb"},"inLanguage":"fr-FR","potentialAction":[{"@type":"ReadAction","target":["http:\/\/www.cordales.be\/index.php\/galerie\/cathedrale\/"]}]},{"@type":"BreadcrumbList","@id":"http:\/\/www.cordales.be\/index.php\/galerie\/cathedrale\/#breadcrumb","itemListElement":[{"@type":"ListItem","position":1,"name":"Accueil","item":"http:\/\/www.cordales.be\/"},{"@type":"ListItem","position":2,"name":"Galerie","item":"http:\/\/www.cordales.be\/index.php\/galerie\/"},{"@type":"ListItem","position":3,"name":"Cath\u00e9drale"}]},{"@type":"WebSite","@id":"http:\/\/www.cordales.be\/#website","url":"http:\/\/www.cordales.be\/","name":"Cordal\u00e8s","description":"Artiste peintre","potentialAction":[{"@type":"SearchAction","target":{"@type":"EntryPoint","urlTemplate":"http:\/\/www.cordales.be\/?s={search_term_string}"},"query-input":"required name=search_term_string"}],"inLanguage":"fr-FR"}]}},"_links":{"self":[{"href":"http:\/\/www.cordales.be\/index.php\/wp-json\/wp\/v2\/pages\/884"}],"collection":[{"href":"http:\/\/www.cordales.be\/index.php\/wp-json\/wp\/v2\/pages"}],"about":[{"href":"http:\/\/www.cordales.be\/index.php\/wp-json\/wp\/v2\/types\/page"}],"author":[{"embeddable":true,"href":"http:\/\/www.cordales.be\/index.php\/wp-json\/wp\/v2\/users\/2"}],"replies":[{"embeddable":true,"href":"http:\/\/www.cordales.be\/index.php\/wp-json\/wp\/v2\/comments?post=884"}],"version-history":[{"count":2,"href":"http:\/\/www.cordales.be\/index.php\/wp-json\/wp\/v2\/pages\/884\/revisions"}],"predecessor-version":[{"id":890,"href":"http:\/\/www.cordales.be\/index.php\/wp-json\/wp\/v2\/pages\/884\/revisions\/890"}],"up":[{"embeddable":true,"href":"http:\/\/www.cordales.be\/index.php\/wp-json\/wp\/v2\/pages\/11"}],"wp:attachment":[{"href":"http:\/\/www.cordales.be\/index.php\/wp-json\/wp\/v2\/media?parent=884"}],"curies":[{"name":"wp","href":"https:\/\/api.w.org\/{rel}","templated":true}]}}