{"id":863,"date":"2016-12-20T19:17:13","date_gmt":"2016-12-20T18:17:13","guid":{"rendered":"http:\/\/www.cordales.be\/?page_id=863"},"modified":"2016-12-20T19:17:34","modified_gmt":"2016-12-20T18:17:34","slug":"no-limit","status":"publish","type":"page","link":"http:\/\/www.cordales.be\/index.php\/galerie\/no-limit\/","title":{"rendered":"No limit"},"content":{"rendered":"<figure id=\"attachment_861\" aria-describedby=\"caption-attachment-861\" style=\"width: 225px\" class=\"wp-caption alignnone\"><a href=\"http:\/\/www.cordales.be\/wp-content\/uploads\/2016\/12\/No-Limit.jpg\"><img loading=\"lazy\" decoding=\"async\" class=\"size-medium wp-image-861\" src=\"http:\/\/www.cordales.be\/wp-content\/uploads\/2016\/12\/No-Limit-225x300.jpg\" alt=\"No limit \" width=\"225\" height=\"300\" srcset=\"http:\/\/www.cordales.be\/wp-content\/uploads\/2016\/12\/No-Limit-225x300.jpg 225w, http:\/\/www.cordales.be\/wp-content\/uploads\/2016\/12\/No-Limit-768x1024.jpg 768w\" sizes=\"(max-width: 225px) 100vw, 225px\" \/><\/a><figcaption id=\"caption-attachment-861\" class=\"wp-caption-text\">No limit<\/figcaption><\/figure>\n<p><em>Oui, il n&rsquo;y a plus de limites au d\u00e9sir fou et pervers<\/em><br \/>\n<em>savamment orchestr\u00e9 par un pianiste d\u00e9cha\u00een\u00e9.<\/em><\/p>\n<p>Huile sur toile 80 cm x 60 cm<\/p>\n<p>Prix 450\u20ac<\/p>\n","protected":false},"excerpt":{"rendered":"<p>Oui, il n&rsquo;y a plus de limites au d\u00e9sir fou et pervers savamment orchestr\u00e9 par un pianiste d\u00e9cha\u00een\u00e9. Huile sur toile 80 cm x 60 cm Prix 450\u20ac<\/p>\n","protected":false},"author":2,"featured_media":0,"parent":11,"menu_order":0,"comment_status":"closed","ping_status":"open","template":"","meta":{"ngg_post_thumbnail":0,"footnotes":""},"yoast_head":"<!-- This site is optimized with the Yoast SEO plugin v21.7 - https:\/\/yoast.com\/wordpress\/plugins\/seo\/ -->\n<title>No limit - Cordal\u00e8s<\/title>\n<meta name=\"robots\" content=\"index, follow, max-snippet:-1, max-image-preview:large, max-video-preview:-1\" \/>\n<link rel=\"canonical\" href=\"http:\/\/www.cordales.be\/index.php\/galerie\/no-limit\/\" \/>\n<meta property=\"og:locale\" content=\"fr_FR\" \/>\n<meta property=\"og:type\" content=\"article\" \/>\n<meta property=\"og:title\" content=\"No limit - Cordal\u00e8s\" \/>\n<meta property=\"og:description\" content=\"Oui, il n&rsquo;y a plus de limites au d\u00e9sir fou et pervers savamment orchestr\u00e9 par un pianiste d\u00e9cha\u00een\u00e9. Huile sur toile 80 cm x 60 cm Prix 450\u20ac\" \/>\n<meta property=\"og:url\" content=\"http:\/\/www.cordales.be\/index.php\/galerie\/no-limit\/\" \/>\n<meta property=\"og:site_name\" content=\"Cordal\u00e8s\" \/>\n<meta property=\"article:modified_time\" content=\"2016-12-20T18:17:34+00:00\" \/>\n<meta property=\"og:image\" content=\"http:\/\/www.cordales.be\/wp-content\/uploads\/2016\/12\/No-Limit-225x300.jpg\" \/>\n<script type=\"application\/ld+json\" class=\"yoast-schema-graph\">{\"@context\":\"https:\/\/schema.org\",\"@graph\":[{\"@type\":\"WebPage\",\"@id\":\"http:\/\/www.cordales.be\/index.php\/galerie\/no-limit\/\",\"url\":\"http:\/\/www.cordales.be\/index.php\/galerie\/no-limit\/\",\"name\":\"No limit - Cordal\u00e8s\",\"isPartOf\":{\"@id\":\"http:\/\/www.cordales.be\/#website\"},\"datePublished\":\"2016-12-20T18:17:13+00:00\",\"dateModified\":\"2016-12-20T18:17:34+00:00\",\"breadcrumb\":{\"@id\":\"http:\/\/www.cordales.be\/index.php\/galerie\/no-limit\/#breadcrumb\"},\"inLanguage\":\"fr-FR\",\"potentialAction\":[{\"@type\":\"ReadAction\",\"target\":[\"http:\/\/www.cordales.be\/index.php\/galerie\/no-limit\/\"]}]},{\"@type\":\"BreadcrumbList\",\"@id\":\"http:\/\/www.cordales.be\/index.php\/galerie\/no-limit\/#breadcrumb\",\"itemListElement\":[{\"@type\":\"ListItem\",\"position\":1,\"name\":\"Accueil\",\"item\":\"http:\/\/www.cordales.be\/\"},{\"@type\":\"ListItem\",\"position\":2,\"name\":\"Galerie\",\"item\":\"http:\/\/www.cordales.be\/index.php\/galerie\/\"},{\"@type\":\"ListItem\",\"position\":3,\"name\":\"No limit\"}]},{\"@type\":\"WebSite\",\"@id\":\"http:\/\/www.cordales.be\/#website\",\"url\":\"http:\/\/www.cordales.be\/\",\"name\":\"Cordal\u00e8s\",\"description\":\"Artiste peintre\",\"potentialAction\":[{\"@type\":\"SearchAction\",\"target\":{\"@type\":\"EntryPoint\",\"urlTemplate\":\"http:\/\/www.cordales.be\/?s={search_term_string}\"},\"query-input\":\"required name=search_term_string\"}],\"inLanguage\":\"fr-FR\"}]}<\/script>\n<!-- \/ Yoast SEO plugin. -->","yoast_head_json":{"title":"No limit - Cordal\u00e8s","robots":{"index":"index","follow":"follow","max-snippet":"max-snippet:-1","max-image-preview":"max-image-preview:large","max-video-preview":"max-video-preview:-1"},"canonical":"http:\/\/www.cordales.be\/index.php\/galerie\/no-limit\/","og_locale":"fr_FR","og_type":"article","og_title":"No limit - Cordal\u00e8s","og_description":"Oui, il n&rsquo;y a plus de limites au d\u00e9sir fou et pervers savamment orchestr\u00e9 par un pianiste d\u00e9cha\u00een\u00e9. Huile sur toile 80 cm x 60 cm Prix 450\u20ac","og_url":"http:\/\/www.cordales.be\/index.php\/galerie\/no-limit\/","og_site_name":"Cordal\u00e8s","article_modified_time":"2016-12-20T18:17:34+00:00","og_image":[{"url":"http:\/\/www.cordales.be\/wp-content\/uploads\/2016\/12\/No-Limit-225x300.jpg"}],"schema":{"@context":"https:\/\/schema.org","@graph":[{"@type":"WebPage","@id":"http:\/\/www.cordales.be\/index.php\/galerie\/no-limit\/","url":"http:\/\/www.cordales.be\/index.php\/galerie\/no-limit\/","name":"No limit - Cordal\u00e8s","isPartOf":{"@id":"http:\/\/www.cordales.be\/#website"},"datePublished":"2016-12-20T18:17:13+00:00","dateModified":"2016-12-20T18:17:34+00:00","breadcrumb":{"@id":"http:\/\/www.cordales.be\/index.php\/galerie\/no-limit\/#breadcrumb"},"inLanguage":"fr-FR","potentialAction":[{"@type":"ReadAction","target":["http:\/\/www.cordales.be\/index.php\/galerie\/no-limit\/"]}]},{"@type":"BreadcrumbList","@id":"http:\/\/www.cordales.be\/index.php\/galerie\/no-limit\/#breadcrumb","itemListElement":[{"@type":"ListItem","position":1,"name":"Accueil","item":"http:\/\/www.cordales.be\/"},{"@type":"ListItem","position":2,"name":"Galerie","item":"http:\/\/www.cordales.be\/index.php\/galerie\/"},{"@type":"ListItem","position":3,"name":"No limit"}]},{"@type":"WebSite","@id":"http:\/\/www.cordales.be\/#website","url":"http:\/\/www.cordales.be\/","name":"Cordal\u00e8s","description":"Artiste peintre","potentialAction":[{"@type":"SearchAction","target":{"@type":"EntryPoint","urlTemplate":"http:\/\/www.cordales.be\/?s={search_term_string}"},"query-input":"required name=search_term_string"}],"inLanguage":"fr-FR"}]}},"_links":{"self":[{"href":"http:\/\/www.cordales.be\/index.php\/wp-json\/wp\/v2\/pages\/863"}],"collection":[{"href":"http:\/\/www.cordales.be\/index.php\/wp-json\/wp\/v2\/pages"}],"about":[{"href":"http:\/\/www.cordales.be\/index.php\/wp-json\/wp\/v2\/types\/page"}],"author":[{"embeddable":true,"href":"http:\/\/www.cordales.be\/index.php\/wp-json\/wp\/v2\/users\/2"}],"replies":[{"embeddable":true,"href":"http:\/\/www.cordales.be\/index.php\/wp-json\/wp\/v2\/comments?post=863"}],"version-history":[{"count":1,"href":"http:\/\/www.cordales.be\/index.php\/wp-json\/wp\/v2\/pages\/863\/revisions"}],"predecessor-version":[{"id":864,"href":"http:\/\/www.cordales.be\/index.php\/wp-json\/wp\/v2\/pages\/863\/revisions\/864"}],"up":[{"embeddable":true,"href":"http:\/\/www.cordales.be\/index.php\/wp-json\/wp\/v2\/pages\/11"}],"wp:attachment":[{"href":"http:\/\/www.cordales.be\/index.php\/wp-json\/wp\/v2\/media?parent=863"}],"curies":[{"name":"wp","href":"https:\/\/api.w.org\/{rel}","templated":true}]}}