{"id":753,"date":"2016-12-16T11:54:52","date_gmt":"2016-12-16T10:54:52","guid":{"rendered":"http:\/\/www.cordales.be\/?page_id=753"},"modified":"2016-12-17T17:08:36","modified_gmt":"2016-12-17T16:08:36","slug":"impossible-de-revenir-en-arriere","status":"publish","type":"page","link":"http:\/\/www.cordales.be\/index.php\/galerie\/impossible-de-revenir-en-arriere\/","title":{"rendered":"Impossible de revenir en arri\u00e8re"},"content":{"rendered":"<p><a href=\"http:\/\/www.cordales.be\/wp-content\/uploads\/2016\/12\/Impossible-de-revenir-en-arri\u00e8re.jpg\"><img loading=\"lazy\" decoding=\"async\" class=\"alignnone size-medium wp-image-752\" src=\"http:\/\/www.cordales.be\/wp-content\/uploads\/2016\/12\/Impossible-de-revenir-en-arri\u00e8re-225x300.jpg\" alt=\"OLYMPUS DIGITAL CAMERA\" width=\"225\" height=\"300\" srcset=\"http:\/\/www.cordales.be\/wp-content\/uploads\/2016\/12\/Impossible-de-revenir-en-arri\u00e8re-225x300.jpg 225w, http:\/\/www.cordales.be\/wp-content\/uploads\/2016\/12\/Impossible-de-revenir-en-arri\u00e8re-768x1024.jpg 768w\" sizes=\"(max-width: 225px) 100vw, 225px\" \/><\/a><\/p>\n<p><em>La guerri\u00e8re au sabre est bien pensive\u2026<\/em><br \/>\n<em>Au-del\u00e0 de ses exploits, les diables et les diablesses continuent \u00e0 s\u2019entretuer<\/em><br \/>\n<em> et risquent bien de venir perturber le monde de notre guerri\u00e8re<\/em><\/p>\n<p>Toile: 100 cm x 70 cm \u00a0Prix: 800\u20ac<\/p>\n","protected":false},"excerpt":{"rendered":"<p>La guerri\u00e8re au sabre est bien pensive\u2026 Au-del\u00e0 de ses exploits, les diables et les diablesses continuent \u00e0 s\u2019entretuer et risquent bien de venir perturber le monde de notre guerri\u00e8re Toile: 100 cm x 70 cm \u00a0Prix: 800\u20ac<\/p>\n","protected":false},"author":2,"featured_media":0,"parent":11,"menu_order":0,"comment_status":"closed","ping_status":"open","template":"","meta":{"ngg_post_thumbnail":0,"footnotes":""},"yoast_head":"<!-- This site is optimized with the Yoast SEO plugin v21.7 - https:\/\/yoast.com\/wordpress\/plugins\/seo\/ -->\n<title>Impossible de revenir en arri\u00e8re - Cordal\u00e8s<\/title>\n<meta name=\"robots\" content=\"index, follow, max-snippet:-1, max-image-preview:large, max-video-preview:-1\" \/>\n<link rel=\"canonical\" href=\"http:\/\/www.cordales.be\/index.php\/galerie\/impossible-de-revenir-en-arriere\/\" \/>\n<meta property=\"og:locale\" content=\"fr_FR\" \/>\n<meta property=\"og:type\" content=\"article\" \/>\n<meta property=\"og:title\" content=\"Impossible de revenir en arri\u00e8re - Cordal\u00e8s\" \/>\n<meta property=\"og:description\" content=\"La guerri\u00e8re au sabre est bien pensive\u2026 Au-del\u00e0 de ses exploits, les diables et les diablesses continuent \u00e0 s\u2019entretuer et risquent bien de venir perturber le monde de notre guerri\u00e8re Toile: 100 cm x 70 cm \u00a0Prix: 800\u20ac\" \/>\n<meta property=\"og:url\" content=\"http:\/\/www.cordales.be\/index.php\/galerie\/impossible-de-revenir-en-arriere\/\" \/>\n<meta property=\"og:site_name\" content=\"Cordal\u00e8s\" \/>\n<meta property=\"article:modified_time\" content=\"2016-12-17T16:08:36+00:00\" \/>\n<script type=\"application\/ld+json\" class=\"yoast-schema-graph\">{\"@context\":\"https:\/\/schema.org\",\"@graph\":[{\"@type\":\"WebPage\",\"@id\":\"http:\/\/www.cordales.be\/index.php\/galerie\/impossible-de-revenir-en-arriere\/\",\"url\":\"http:\/\/www.cordales.be\/index.php\/galerie\/impossible-de-revenir-en-arriere\/\",\"name\":\"Impossible de revenir en arri\u00e8re - Cordal\u00e8s\",\"isPartOf\":{\"@id\":\"http:\/\/www.cordales.be\/#website\"},\"datePublished\":\"2016-12-16T10:54:52+00:00\",\"dateModified\":\"2016-12-17T16:08:36+00:00\",\"breadcrumb\":{\"@id\":\"http:\/\/www.cordales.be\/index.php\/galerie\/impossible-de-revenir-en-arriere\/#breadcrumb\"},\"inLanguage\":\"fr-FR\",\"potentialAction\":[{\"@type\":\"ReadAction\",\"target\":[\"http:\/\/www.cordales.be\/index.php\/galerie\/impossible-de-revenir-en-arriere\/\"]}]},{\"@type\":\"BreadcrumbList\",\"@id\":\"http:\/\/www.cordales.be\/index.php\/galerie\/impossible-de-revenir-en-arriere\/#breadcrumb\",\"itemListElement\":[{\"@type\":\"ListItem\",\"position\":1,\"name\":\"Accueil\",\"item\":\"http:\/\/www.cordales.be\/\"},{\"@type\":\"ListItem\",\"position\":2,\"name\":\"Galerie\",\"item\":\"http:\/\/www.cordales.be\/index.php\/galerie\/\"},{\"@type\":\"ListItem\",\"position\":3,\"name\":\"Impossible de revenir en arri\u00e8re\"}]},{\"@type\":\"WebSite\",\"@id\":\"http:\/\/www.cordales.be\/#website\",\"url\":\"http:\/\/www.cordales.be\/\",\"name\":\"Cordal\u00e8s\",\"description\":\"Artiste peintre\",\"potentialAction\":[{\"@type\":\"SearchAction\",\"target\":{\"@type\":\"EntryPoint\",\"urlTemplate\":\"http:\/\/www.cordales.be\/?s={search_term_string}\"},\"query-input\":\"required name=search_term_string\"}],\"inLanguage\":\"fr-FR\"}]}<\/script>\n<!-- \/ Yoast SEO plugin. -->","yoast_head_json":{"title":"Impossible de revenir en arri\u00e8re - Cordal\u00e8s","robots":{"index":"index","follow":"follow","max-snippet":"max-snippet:-1","max-image-preview":"max-image-preview:large","max-video-preview":"max-video-preview:-1"},"canonical":"http:\/\/www.cordales.be\/index.php\/galerie\/impossible-de-revenir-en-arriere\/","og_locale":"fr_FR","og_type":"article","og_title":"Impossible de revenir en arri\u00e8re - Cordal\u00e8s","og_description":"La guerri\u00e8re au sabre est bien pensive\u2026 Au-del\u00e0 de ses exploits, les diables et les diablesses continuent \u00e0 s\u2019entretuer et risquent bien de venir perturber le monde de notre guerri\u00e8re Toile: 100 cm x 70 cm \u00a0Prix: 800\u20ac","og_url":"http:\/\/www.cordales.be\/index.php\/galerie\/impossible-de-revenir-en-arriere\/","og_site_name":"Cordal\u00e8s","article_modified_time":"2016-12-17T16:08:36+00:00","schema":{"@context":"https:\/\/schema.org","@graph":[{"@type":"WebPage","@id":"http:\/\/www.cordales.be\/index.php\/galerie\/impossible-de-revenir-en-arriere\/","url":"http:\/\/www.cordales.be\/index.php\/galerie\/impossible-de-revenir-en-arriere\/","name":"Impossible de revenir en arri\u00e8re - Cordal\u00e8s","isPartOf":{"@id":"http:\/\/www.cordales.be\/#website"},"datePublished":"2016-12-16T10:54:52+00:00","dateModified":"2016-12-17T16:08:36+00:00","breadcrumb":{"@id":"http:\/\/www.cordales.be\/index.php\/galerie\/impossible-de-revenir-en-arriere\/#breadcrumb"},"inLanguage":"fr-FR","potentialAction":[{"@type":"ReadAction","target":["http:\/\/www.cordales.be\/index.php\/galerie\/impossible-de-revenir-en-arriere\/"]}]},{"@type":"BreadcrumbList","@id":"http:\/\/www.cordales.be\/index.php\/galerie\/impossible-de-revenir-en-arriere\/#breadcrumb","itemListElement":[{"@type":"ListItem","position":1,"name":"Accueil","item":"http:\/\/www.cordales.be\/"},{"@type":"ListItem","position":2,"name":"Galerie","item":"http:\/\/www.cordales.be\/index.php\/galerie\/"},{"@type":"ListItem","position":3,"name":"Impossible de revenir en arri\u00e8re"}]},{"@type":"WebSite","@id":"http:\/\/www.cordales.be\/#website","url":"http:\/\/www.cordales.be\/","name":"Cordal\u00e8s","description":"Artiste peintre","potentialAction":[{"@type":"SearchAction","target":{"@type":"EntryPoint","urlTemplate":"http:\/\/www.cordales.be\/?s={search_term_string}"},"query-input":"required name=search_term_string"}],"inLanguage":"fr-FR"}]}},"_links":{"self":[{"href":"http:\/\/www.cordales.be\/index.php\/wp-json\/wp\/v2\/pages\/753"}],"collection":[{"href":"http:\/\/www.cordales.be\/index.php\/wp-json\/wp\/v2\/pages"}],"about":[{"href":"http:\/\/www.cordales.be\/index.php\/wp-json\/wp\/v2\/types\/page"}],"author":[{"embeddable":true,"href":"http:\/\/www.cordales.be\/index.php\/wp-json\/wp\/v2\/users\/2"}],"replies":[{"embeddable":true,"href":"http:\/\/www.cordales.be\/index.php\/wp-json\/wp\/v2\/comments?post=753"}],"version-history":[{"count":5,"href":"http:\/\/www.cordales.be\/index.php\/wp-json\/wp\/v2\/pages\/753\/revisions"}],"predecessor-version":[{"id":820,"href":"http:\/\/www.cordales.be\/index.php\/wp-json\/wp\/v2\/pages\/753\/revisions\/820"}],"up":[{"embeddable":true,"href":"http:\/\/www.cordales.be\/index.php\/wp-json\/wp\/v2\/pages\/11"}],"wp:attachment":[{"href":"http:\/\/www.cordales.be\/index.php\/wp-json\/wp\/v2\/media?parent=753"}],"curies":[{"name":"wp","href":"https:\/\/api.w.org\/{rel}","templated":true}]}}