{"id":740,"date":"2016-12-16T10:53:09","date_gmt":"2016-12-16T09:53:09","guid":{"rendered":"http:\/\/www.cordales.be\/?page_id=740"},"modified":"2016-12-17T10:30:54","modified_gmt":"2016-12-17T09:30:54","slug":"katana-le-bain-de-sang","status":"publish","type":"page","link":"http:\/\/www.cordales.be\/index.php\/galerie\/katana-le-bain-de-sang\/","title":{"rendered":"katana ,le bain de sang"},"content":{"rendered":"<figure id=\"attachment_276\" aria-describedby=\"caption-attachment-276\" style=\"width: 300px\" class=\"wp-caption alignnone\"><a href=\"http:\/\/www.cordales.be\/wp-content\/uploads\/2015\/02\/Capture.jpg\"><img loading=\"lazy\" decoding=\"async\" class=\"size-medium wp-image-276\" src=\"http:\/\/www.cordales.be\/wp-content\/uploads\/2015\/02\/Capture-300x259.jpg\" alt=\"Katana,le bain de sang\" width=\"300\" height=\"259\" srcset=\"http:\/\/www.cordales.be\/wp-content\/uploads\/2015\/02\/Capture-300x259.jpg 300w, http:\/\/www.cordales.be\/wp-content\/uploads\/2015\/02\/Capture.jpg 1014w\" sizes=\"(max-width: 300px) 100vw, 300px\" \/><\/a><figcaption id=\"caption-attachment-276\" class=\"wp-caption-text\">Katana,le bain de sang<\/figcaption><\/figure>\n<p><em>Le repos de la guerri\u00e8re qui se vautre dans un bain de sang&#8230;<\/em><br \/>\n<em>Le sang souille le carrelage en grosses taches d\u00e9goulinantes.<\/em><br \/>\n<em>La Belle est observ\u00e9e en arri\u00e8re-plan par un personnage \u00e9trange, d\u00e9cal\u00e9 et smart&#8230;<\/em><br \/>\n<em>Quelles sont ses exactes intentions?<\/em><\/p>\n<p>(Le Katana \u00a0est un \u00a0sabre symbole de la caste des Samoura\u00efs , sabre courbe se portant dans le obi( ceinture) tranchant vers le haut)<\/p>\n<p>Toile 50 x 50 cm<\/p>\n<p>Prix : 800\u20ac<\/p>\n","protected":false},"excerpt":{"rendered":"<p>Le repos de la guerri\u00e8re qui se vautre dans un bain de sang&#8230; Le sang souille le carrelage en grosses taches d\u00e9goulinantes. La Belle est observ\u00e9e en arri\u00e8re-plan par un personnage \u00e9trange, d\u00e9cal\u00e9 et smart&#8230; Quelles sont ses exactes intentions? (Le Katana \u00a0est un \u00a0sabre symbole de la caste des Samoura\u00efs , sabre courbe se &hellip; <a href=\"http:\/\/www.cordales.be\/index.php\/galerie\/katana-le-bain-de-sang\/\" class=\"more-link\">Continuer la lecture de <span class=\"screen-reader-text\">katana ,le bain de sang<\/span> <span class=\"meta-nav\">&rarr;<\/span><\/a><\/p>\n","protected":false},"author":2,"featured_media":0,"parent":11,"menu_order":0,"comment_status":"closed","ping_status":"open","template":"","meta":{"ngg_post_thumbnail":0,"footnotes":""},"yoast_head":"<!-- This site is optimized with the Yoast SEO plugin v21.7 - https:\/\/yoast.com\/wordpress\/plugins\/seo\/ -->\n<title>katana ,le bain de sang - Cordal\u00e8s<\/title>\n<meta name=\"robots\" content=\"index, follow, max-snippet:-1, max-image-preview:large, max-video-preview:-1\" \/>\n<link rel=\"canonical\" href=\"http:\/\/www.cordales.be\/index.php\/galerie\/katana-le-bain-de-sang\/\" \/>\n<meta property=\"og:locale\" content=\"fr_FR\" \/>\n<meta property=\"og:type\" content=\"article\" \/>\n<meta property=\"og:title\" content=\"katana ,le bain de sang - Cordal\u00e8s\" \/>\n<meta property=\"og:description\" content=\"Le repos de la guerri\u00e8re qui se vautre dans un bain de sang&#8230; Le sang souille le carrelage en grosses taches d\u00e9goulinantes. La Belle est observ\u00e9e en arri\u00e8re-plan par un personnage \u00e9trange, d\u00e9cal\u00e9 et smart&#8230; Quelles sont ses exactes intentions? (Le Katana \u00a0est un \u00a0sabre symbole de la caste des Samoura\u00efs , sabre courbe se &hellip; Continuer la lecture de katana ,le bain de sang &rarr;\" \/>\n<meta property=\"og:url\" content=\"http:\/\/www.cordales.be\/index.php\/galerie\/katana-le-bain-de-sang\/\" \/>\n<meta property=\"og:site_name\" content=\"Cordal\u00e8s\" \/>\n<meta property=\"article:modified_time\" content=\"2016-12-17T09:30:54+00:00\" \/>\n<meta property=\"og:image\" content=\"http:\/\/www.cordales.be\/wp-content\/uploads\/2015\/02\/Capture-300x259.jpg\" \/>\n<script type=\"application\/ld+json\" class=\"yoast-schema-graph\">{\"@context\":\"https:\/\/schema.org\",\"@graph\":[{\"@type\":\"WebPage\",\"@id\":\"http:\/\/www.cordales.be\/index.php\/galerie\/katana-le-bain-de-sang\/\",\"url\":\"http:\/\/www.cordales.be\/index.php\/galerie\/katana-le-bain-de-sang\/\",\"name\":\"katana ,le bain de sang - Cordal\u00e8s\",\"isPartOf\":{\"@id\":\"http:\/\/www.cordales.be\/#website\"},\"datePublished\":\"2016-12-16T09:53:09+00:00\",\"dateModified\":\"2016-12-17T09:30:54+00:00\",\"breadcrumb\":{\"@id\":\"http:\/\/www.cordales.be\/index.php\/galerie\/katana-le-bain-de-sang\/#breadcrumb\"},\"inLanguage\":\"fr-FR\",\"potentialAction\":[{\"@type\":\"ReadAction\",\"target\":[\"http:\/\/www.cordales.be\/index.php\/galerie\/katana-le-bain-de-sang\/\"]}]},{\"@type\":\"BreadcrumbList\",\"@id\":\"http:\/\/www.cordales.be\/index.php\/galerie\/katana-le-bain-de-sang\/#breadcrumb\",\"itemListElement\":[{\"@type\":\"ListItem\",\"position\":1,\"name\":\"Accueil\",\"item\":\"http:\/\/www.cordales.be\/\"},{\"@type\":\"ListItem\",\"position\":2,\"name\":\"Galerie\",\"item\":\"http:\/\/www.cordales.be\/index.php\/galerie\/\"},{\"@type\":\"ListItem\",\"position\":3,\"name\":\"katana ,le bain de sang\"}]},{\"@type\":\"WebSite\",\"@id\":\"http:\/\/www.cordales.be\/#website\",\"url\":\"http:\/\/www.cordales.be\/\",\"name\":\"Cordal\u00e8s\",\"description\":\"Artiste peintre\",\"potentialAction\":[{\"@type\":\"SearchAction\",\"target\":{\"@type\":\"EntryPoint\",\"urlTemplate\":\"http:\/\/www.cordales.be\/?s={search_term_string}\"},\"query-input\":\"required name=search_term_string\"}],\"inLanguage\":\"fr-FR\"}]}<\/script>\n<!-- \/ Yoast SEO plugin. -->","yoast_head_json":{"title":"katana ,le bain de sang - Cordal\u00e8s","robots":{"index":"index","follow":"follow","max-snippet":"max-snippet:-1","max-image-preview":"max-image-preview:large","max-video-preview":"max-video-preview:-1"},"canonical":"http:\/\/www.cordales.be\/index.php\/galerie\/katana-le-bain-de-sang\/","og_locale":"fr_FR","og_type":"article","og_title":"katana ,le bain de sang - Cordal\u00e8s","og_description":"Le repos de la guerri\u00e8re qui se vautre dans un bain de sang&#8230; Le sang souille le carrelage en grosses taches d\u00e9goulinantes. La Belle est observ\u00e9e en arri\u00e8re-plan par un personnage \u00e9trange, d\u00e9cal\u00e9 et smart&#8230; Quelles sont ses exactes intentions? (Le Katana \u00a0est un \u00a0sabre symbole de la caste des Samoura\u00efs , sabre courbe se &hellip; Continuer la lecture de katana ,le bain de sang &rarr;","og_url":"http:\/\/www.cordales.be\/index.php\/galerie\/katana-le-bain-de-sang\/","og_site_name":"Cordal\u00e8s","article_modified_time":"2016-12-17T09:30:54+00:00","og_image":[{"url":"http:\/\/www.cordales.be\/wp-content\/uploads\/2015\/02\/Capture-300x259.jpg"}],"schema":{"@context":"https:\/\/schema.org","@graph":[{"@type":"WebPage","@id":"http:\/\/www.cordales.be\/index.php\/galerie\/katana-le-bain-de-sang\/","url":"http:\/\/www.cordales.be\/index.php\/galerie\/katana-le-bain-de-sang\/","name":"katana ,le bain de sang - Cordal\u00e8s","isPartOf":{"@id":"http:\/\/www.cordales.be\/#website"},"datePublished":"2016-12-16T09:53:09+00:00","dateModified":"2016-12-17T09:30:54+00:00","breadcrumb":{"@id":"http:\/\/www.cordales.be\/index.php\/galerie\/katana-le-bain-de-sang\/#breadcrumb"},"inLanguage":"fr-FR","potentialAction":[{"@type":"ReadAction","target":["http:\/\/www.cordales.be\/index.php\/galerie\/katana-le-bain-de-sang\/"]}]},{"@type":"BreadcrumbList","@id":"http:\/\/www.cordales.be\/index.php\/galerie\/katana-le-bain-de-sang\/#breadcrumb","itemListElement":[{"@type":"ListItem","position":1,"name":"Accueil","item":"http:\/\/www.cordales.be\/"},{"@type":"ListItem","position":2,"name":"Galerie","item":"http:\/\/www.cordales.be\/index.php\/galerie\/"},{"@type":"ListItem","position":3,"name":"katana ,le bain de sang"}]},{"@type":"WebSite","@id":"http:\/\/www.cordales.be\/#website","url":"http:\/\/www.cordales.be\/","name":"Cordal\u00e8s","description":"Artiste peintre","potentialAction":[{"@type":"SearchAction","target":{"@type":"EntryPoint","urlTemplate":"http:\/\/www.cordales.be\/?s={search_term_string}"},"query-input":"required name=search_term_string"}],"inLanguage":"fr-FR"}]}},"_links":{"self":[{"href":"http:\/\/www.cordales.be\/index.php\/wp-json\/wp\/v2\/pages\/740"}],"collection":[{"href":"http:\/\/www.cordales.be\/index.php\/wp-json\/wp\/v2\/pages"}],"about":[{"href":"http:\/\/www.cordales.be\/index.php\/wp-json\/wp\/v2\/types\/page"}],"author":[{"embeddable":true,"href":"http:\/\/www.cordales.be\/index.php\/wp-json\/wp\/v2\/users\/2"}],"replies":[{"embeddable":true,"href":"http:\/\/www.cordales.be\/index.php\/wp-json\/wp\/v2\/comments?post=740"}],"version-history":[{"count":3,"href":"http:\/\/www.cordales.be\/index.php\/wp-json\/wp\/v2\/pages\/740\/revisions"}],"predecessor-version":[{"id":763,"href":"http:\/\/www.cordales.be\/index.php\/wp-json\/wp\/v2\/pages\/740\/revisions\/763"}],"up":[{"embeddable":true,"href":"http:\/\/www.cordales.be\/index.php\/wp-json\/wp\/v2\/pages\/11"}],"wp:attachment":[{"href":"http:\/\/www.cordales.be\/index.php\/wp-json\/wp\/v2\/media?parent=740"}],"curies":[{"name":"wp","href":"https:\/\/api.w.org\/{rel}","templated":true}]}}