{"id":717,"date":"2016-07-01T09:54:42","date_gmt":"2016-07-01T08:54:42","guid":{"rendered":"http:\/\/www.cordales.be\/?page_id=717"},"modified":"2016-12-17T14:45:23","modified_gmt":"2016-12-17T13:45:23","slug":"nemesis-ou-la-desillusion","status":"publish","type":"page","link":"http:\/\/www.cordales.be\/index.php\/nemesis-ou-la-desillusion\/","title":{"rendered":"N\u00e9m\u00e9sis ou la D\u00e9sillusion"},"content":{"rendered":"<p><a href=\"http:\/\/www.cordales.be\/wp-content\/uploads\/2016\/07\/N\u00e9mesis-ou-la-d\u00e9sillusion-.jpg\"><img loading=\"lazy\" decoding=\"async\" class=\"alignnone size-medium wp-image-716\" src=\"http:\/\/www.cordales.be\/wp-content\/uploads\/2016\/07\/N\u00e9mesis-ou-la-d\u00e9sillusion--300x225.jpg\" alt=\"OLYMPUS DIGITAL CAMERA\" width=\"300\" height=\"225\" srcset=\"http:\/\/www.cordales.be\/wp-content\/uploads\/2016\/07\/N\u00e9mesis-ou-la-d\u00e9sillusion--300x225.jpg 300w, http:\/\/www.cordales.be\/wp-content\/uploads\/2016\/07\/N\u00e9mesis-ou-la-d\u00e9sillusion--1024x768.jpg 1024w\" sizes=\"(max-width: 300px) 100vw, 300px\" \/><\/a><\/p>\n<p>N\u00e9m\u00e9sis &#8230;d\u00e9esse\u00a0de la juste col\u00e8re,&#8230; d\u00e9esse de la vengeance, pouvant se m\u00e9tamorphoser en divers animaux pour \u00e9chapper \u00e0 Zeus&#8230;<\/p>\n<p>Femme chasseresse&#8230; et \u00a0ici elle est d\u00e9\u00e7ue! Sa chasse fr\u00e9n\u00e9tique s&rsquo;est sold\u00e9e par un cuisant \u00e9chec!<\/p>\n<p>Taille:<\/p>\n<p>Prix: 600\u20ac<\/p>\n<p>&nbsp;<\/p>\n","protected":false},"excerpt":{"rendered":"<p>N\u00e9m\u00e9sis &#8230;d\u00e9esse\u00a0de la juste col\u00e8re,&#8230; d\u00e9esse de la vengeance, pouvant se m\u00e9tamorphoser en divers animaux pour \u00e9chapper \u00e0 Zeus&#8230; Femme chasseresse&#8230; et \u00a0ici elle est d\u00e9\u00e7ue! Sa chasse fr\u00e9n\u00e9tique s&rsquo;est sold\u00e9e par un cuisant \u00e9chec! Taille: Prix: 600\u20ac &nbsp;<\/p>\n","protected":false},"author":2,"featured_media":0,"parent":0,"menu_order":0,"comment_status":"closed","ping_status":"open","template":"","meta":{"ngg_post_thumbnail":0,"footnotes":""},"yoast_head":"<!-- This site is optimized with the Yoast SEO plugin v21.7 - https:\/\/yoast.com\/wordpress\/plugins\/seo\/ -->\n<title>N\u00e9m\u00e9sis ou la D\u00e9sillusion - Cordal\u00e8s<\/title>\n<meta name=\"robots\" content=\"index, follow, max-snippet:-1, max-image-preview:large, max-video-preview:-1\" \/>\n<link rel=\"canonical\" href=\"http:\/\/www.cordales.be\/index.php\/nemesis-ou-la-desillusion\/\" \/>\n<meta property=\"og:locale\" content=\"fr_FR\" \/>\n<meta property=\"og:type\" content=\"article\" \/>\n<meta property=\"og:title\" content=\"N\u00e9m\u00e9sis ou la D\u00e9sillusion - Cordal\u00e8s\" \/>\n<meta property=\"og:description\" content=\"N\u00e9m\u00e9sis &#8230;d\u00e9esse\u00a0de la juste col\u00e8re,&#8230; d\u00e9esse de la vengeance, pouvant se m\u00e9tamorphoser en divers animaux pour \u00e9chapper \u00e0 Zeus&#8230; Femme chasseresse&#8230; et \u00a0ici elle est d\u00e9\u00e7ue! Sa chasse fr\u00e9n\u00e9tique s&rsquo;est sold\u00e9e par un cuisant \u00e9chec! Taille: Prix: 600\u20ac &nbsp;\" \/>\n<meta property=\"og:url\" content=\"http:\/\/www.cordales.be\/index.php\/nemesis-ou-la-desillusion\/\" \/>\n<meta property=\"og:site_name\" content=\"Cordal\u00e8s\" \/>\n<meta property=\"article:modified_time\" content=\"2016-12-17T13:45:23+00:00\" \/>\n<script type=\"application\/ld+json\" class=\"yoast-schema-graph\">{\"@context\":\"https:\/\/schema.org\",\"@graph\":[{\"@type\":\"WebPage\",\"@id\":\"http:\/\/www.cordales.be\/index.php\/nemesis-ou-la-desillusion\/\",\"url\":\"http:\/\/www.cordales.be\/index.php\/nemesis-ou-la-desillusion\/\",\"name\":\"N\u00e9m\u00e9sis ou la D\u00e9sillusion - Cordal\u00e8s\",\"isPartOf\":{\"@id\":\"http:\/\/www.cordales.be\/#website\"},\"datePublished\":\"2016-07-01T08:54:42+00:00\",\"dateModified\":\"2016-12-17T13:45:23+00:00\",\"breadcrumb\":{\"@id\":\"http:\/\/www.cordales.be\/index.php\/nemesis-ou-la-desillusion\/#breadcrumb\"},\"inLanguage\":\"fr-FR\",\"potentialAction\":[{\"@type\":\"ReadAction\",\"target\":[\"http:\/\/www.cordales.be\/index.php\/nemesis-ou-la-desillusion\/\"]}]},{\"@type\":\"BreadcrumbList\",\"@id\":\"http:\/\/www.cordales.be\/index.php\/nemesis-ou-la-desillusion\/#breadcrumb\",\"itemListElement\":[{\"@type\":\"ListItem\",\"position\":1,\"name\":\"Accueil\",\"item\":\"http:\/\/www.cordales.be\/\"},{\"@type\":\"ListItem\",\"position\":2,\"name\":\"N\u00e9m\u00e9sis ou la D\u00e9sillusion\"}]},{\"@type\":\"WebSite\",\"@id\":\"http:\/\/www.cordales.be\/#website\",\"url\":\"http:\/\/www.cordales.be\/\",\"name\":\"Cordal\u00e8s\",\"description\":\"Artiste peintre\",\"potentialAction\":[{\"@type\":\"SearchAction\",\"target\":{\"@type\":\"EntryPoint\",\"urlTemplate\":\"http:\/\/www.cordales.be\/?s={search_term_string}\"},\"query-input\":\"required name=search_term_string\"}],\"inLanguage\":\"fr-FR\"}]}<\/script>\n<!-- \/ Yoast SEO plugin. -->","yoast_head_json":{"title":"N\u00e9m\u00e9sis ou la D\u00e9sillusion - Cordal\u00e8s","robots":{"index":"index","follow":"follow","max-snippet":"max-snippet:-1","max-image-preview":"max-image-preview:large","max-video-preview":"max-video-preview:-1"},"canonical":"http:\/\/www.cordales.be\/index.php\/nemesis-ou-la-desillusion\/","og_locale":"fr_FR","og_type":"article","og_title":"N\u00e9m\u00e9sis ou la D\u00e9sillusion - Cordal\u00e8s","og_description":"N\u00e9m\u00e9sis &#8230;d\u00e9esse\u00a0de la juste col\u00e8re,&#8230; d\u00e9esse de la vengeance, pouvant se m\u00e9tamorphoser en divers animaux pour \u00e9chapper \u00e0 Zeus&#8230; Femme chasseresse&#8230; et \u00a0ici elle est d\u00e9\u00e7ue! Sa chasse fr\u00e9n\u00e9tique s&rsquo;est sold\u00e9e par un cuisant \u00e9chec! Taille: Prix: 600\u20ac &nbsp;","og_url":"http:\/\/www.cordales.be\/index.php\/nemesis-ou-la-desillusion\/","og_site_name":"Cordal\u00e8s","article_modified_time":"2016-12-17T13:45:23+00:00","schema":{"@context":"https:\/\/schema.org","@graph":[{"@type":"WebPage","@id":"http:\/\/www.cordales.be\/index.php\/nemesis-ou-la-desillusion\/","url":"http:\/\/www.cordales.be\/index.php\/nemesis-ou-la-desillusion\/","name":"N\u00e9m\u00e9sis ou la D\u00e9sillusion - Cordal\u00e8s","isPartOf":{"@id":"http:\/\/www.cordales.be\/#website"},"datePublished":"2016-07-01T08:54:42+00:00","dateModified":"2016-12-17T13:45:23+00:00","breadcrumb":{"@id":"http:\/\/www.cordales.be\/index.php\/nemesis-ou-la-desillusion\/#breadcrumb"},"inLanguage":"fr-FR","potentialAction":[{"@type":"ReadAction","target":["http:\/\/www.cordales.be\/index.php\/nemesis-ou-la-desillusion\/"]}]},{"@type":"BreadcrumbList","@id":"http:\/\/www.cordales.be\/index.php\/nemesis-ou-la-desillusion\/#breadcrumb","itemListElement":[{"@type":"ListItem","position":1,"name":"Accueil","item":"http:\/\/www.cordales.be\/"},{"@type":"ListItem","position":2,"name":"N\u00e9m\u00e9sis ou la D\u00e9sillusion"}]},{"@type":"WebSite","@id":"http:\/\/www.cordales.be\/#website","url":"http:\/\/www.cordales.be\/","name":"Cordal\u00e8s","description":"Artiste peintre","potentialAction":[{"@type":"SearchAction","target":{"@type":"EntryPoint","urlTemplate":"http:\/\/www.cordales.be\/?s={search_term_string}"},"query-input":"required name=search_term_string"}],"inLanguage":"fr-FR"}]}},"_links":{"self":[{"href":"http:\/\/www.cordales.be\/index.php\/wp-json\/wp\/v2\/pages\/717"}],"collection":[{"href":"http:\/\/www.cordales.be\/index.php\/wp-json\/wp\/v2\/pages"}],"about":[{"href":"http:\/\/www.cordales.be\/index.php\/wp-json\/wp\/v2\/types\/page"}],"author":[{"embeddable":true,"href":"http:\/\/www.cordales.be\/index.php\/wp-json\/wp\/v2\/users\/2"}],"replies":[{"embeddable":true,"href":"http:\/\/www.cordales.be\/index.php\/wp-json\/wp\/v2\/comments?post=717"}],"version-history":[{"count":4,"href":"http:\/\/www.cordales.be\/index.php\/wp-json\/wp\/v2\/pages\/717\/revisions"}],"predecessor-version":[{"id":780,"href":"http:\/\/www.cordales.be\/index.php\/wp-json\/wp\/v2\/pages\/717\/revisions\/780"}],"wp:attachment":[{"href":"http:\/\/www.cordales.be\/index.php\/wp-json\/wp\/v2\/media?parent=717"}],"curies":[{"name":"wp","href":"https:\/\/api.w.org\/{rel}","templated":true}]}}