{"id":684,"date":"2016-03-14T16:36:33","date_gmt":"2016-03-14T15:36:33","guid":{"rendered":"http:\/\/www.cordales.be\/?page_id=684"},"modified":"2016-12-17T11:18:40","modified_gmt":"2016-12-17T10:18:40","slug":"fever-in-the-jungle","status":"publish","type":"page","link":"http:\/\/www.cordales.be\/index.php\/galerie\/fever-in-the-jungle\/","title":{"rendered":"Fever in the jungle"},"content":{"rendered":"<p><a href=\"http:\/\/www.cordales.be\/wp-content\/uploads\/2016\/03\/Fever-in-the-Jungle-6.jpg\"><img loading=\"lazy\" decoding=\"async\" class=\"alignnone size-medium wp-image-683\" src=\"http:\/\/www.cordales.be\/wp-content\/uploads\/2016\/03\/Fever-in-the-Jungle-6-225x300.jpg\" alt=\"OLYMPUS DIGITAL CAMERA\" width=\"225\" height=\"300\" srcset=\"http:\/\/www.cordales.be\/wp-content\/uploads\/2016\/03\/Fever-in-the-Jungle-6-225x300.jpg 225w, http:\/\/www.cordales.be\/wp-content\/uploads\/2016\/03\/Fever-in-the-Jungle-6-768x1024.jpg 768w\" sizes=\"(max-width: 225px) 100vw, 225px\" \/><\/a><\/p>\n<p>Une fille indompt\u00e9e fait corps avec la nature&#8230;<br \/>\n&#8230;communiant pleinement avec les arbres d\u00e9nud\u00e9s d&rsquo;une for\u00eat onirique.<br \/>\nSerait-ce Jane, la compagne de Tarzan, partant \u00e0 sa recherche \u2026<br \/>\n\u2026ou une admiratrice, fan de cette vie sauvage : la jungle !<\/p>\n<p>Huile sur toile 60 x 50 cm \u00a0Prix : 500\u20ac<\/p>\n","protected":false},"excerpt":{"rendered":"<p>Une fille indompt\u00e9e fait corps avec la nature&#8230; &#8230;communiant pleinement avec les arbres d\u00e9nud\u00e9s d&rsquo;une for\u00eat onirique. Serait-ce Jane, la compagne de Tarzan, partant \u00e0 sa recherche \u2026 \u2026ou une admiratrice, fan de cette vie sauvage : la jungle ! Huile sur toile 60 x 50 cm \u00a0Prix : 500\u20ac<\/p>\n","protected":false},"author":2,"featured_media":0,"parent":11,"menu_order":0,"comment_status":"closed","ping_status":"open","template":"","meta":{"ngg_post_thumbnail":0,"footnotes":""},"yoast_head":"<!-- This site is optimized with the Yoast SEO plugin v21.7 - https:\/\/yoast.com\/wordpress\/plugins\/seo\/ -->\n<title>Fever in the jungle - Cordal\u00e8s<\/title>\n<meta name=\"robots\" content=\"index, follow, max-snippet:-1, max-image-preview:large, max-video-preview:-1\" \/>\n<link rel=\"canonical\" href=\"http:\/\/www.cordales.be\/index.php\/galerie\/fever-in-the-jungle\/\" \/>\n<meta property=\"og:locale\" content=\"fr_FR\" \/>\n<meta property=\"og:type\" content=\"article\" \/>\n<meta property=\"og:title\" content=\"Fever in the jungle - Cordal\u00e8s\" \/>\n<meta property=\"og:description\" content=\"Une fille indompt\u00e9e fait corps avec la nature&#8230; &#8230;communiant pleinement avec les arbres d\u00e9nud\u00e9s d&rsquo;une for\u00eat onirique. Serait-ce Jane, la compagne de Tarzan, partant \u00e0 sa recherche \u2026 \u2026ou une admiratrice, fan de cette vie sauvage : la jungle ! Huile sur toile 60 x 50 cm \u00a0Prix : 500\u20ac\" \/>\n<meta property=\"og:url\" content=\"http:\/\/www.cordales.be\/index.php\/galerie\/fever-in-the-jungle\/\" \/>\n<meta property=\"og:site_name\" content=\"Cordal\u00e8s\" \/>\n<meta property=\"article:modified_time\" content=\"2016-12-17T10:18:40+00:00\" \/>\n<meta property=\"og:image\" content=\"http:\/\/www.cordales.be\/wp-content\/uploads\/2016\/03\/Fever-in-the-Jungle-6-225x300.jpg\" \/>\n<script type=\"application\/ld+json\" class=\"yoast-schema-graph\">{\"@context\":\"https:\/\/schema.org\",\"@graph\":[{\"@type\":\"WebPage\",\"@id\":\"http:\/\/www.cordales.be\/index.php\/galerie\/fever-in-the-jungle\/\",\"url\":\"http:\/\/www.cordales.be\/index.php\/galerie\/fever-in-the-jungle\/\",\"name\":\"Fever in the jungle - Cordal\u00e8s\",\"isPartOf\":{\"@id\":\"http:\/\/www.cordales.be\/#website\"},\"datePublished\":\"2016-03-14T15:36:33+00:00\",\"dateModified\":\"2016-12-17T10:18:40+00:00\",\"breadcrumb\":{\"@id\":\"http:\/\/www.cordales.be\/index.php\/galerie\/fever-in-the-jungle\/#breadcrumb\"},\"inLanguage\":\"fr-FR\",\"potentialAction\":[{\"@type\":\"ReadAction\",\"target\":[\"http:\/\/www.cordales.be\/index.php\/galerie\/fever-in-the-jungle\/\"]}]},{\"@type\":\"BreadcrumbList\",\"@id\":\"http:\/\/www.cordales.be\/index.php\/galerie\/fever-in-the-jungle\/#breadcrumb\",\"itemListElement\":[{\"@type\":\"ListItem\",\"position\":1,\"name\":\"Accueil\",\"item\":\"http:\/\/www.cordales.be\/\"},{\"@type\":\"ListItem\",\"position\":2,\"name\":\"Galerie\",\"item\":\"http:\/\/www.cordales.be\/index.php\/galerie\/\"},{\"@type\":\"ListItem\",\"position\":3,\"name\":\"Fever in the jungle\"}]},{\"@type\":\"WebSite\",\"@id\":\"http:\/\/www.cordales.be\/#website\",\"url\":\"http:\/\/www.cordales.be\/\",\"name\":\"Cordal\u00e8s\",\"description\":\"Artiste peintre\",\"potentialAction\":[{\"@type\":\"SearchAction\",\"target\":{\"@type\":\"EntryPoint\",\"urlTemplate\":\"http:\/\/www.cordales.be\/?s={search_term_string}\"},\"query-input\":\"required name=search_term_string\"}],\"inLanguage\":\"fr-FR\"}]}<\/script>\n<!-- \/ Yoast SEO plugin. -->","yoast_head_json":{"title":"Fever in the jungle - Cordal\u00e8s","robots":{"index":"index","follow":"follow","max-snippet":"max-snippet:-1","max-image-preview":"max-image-preview:large","max-video-preview":"max-video-preview:-1"},"canonical":"http:\/\/www.cordales.be\/index.php\/galerie\/fever-in-the-jungle\/","og_locale":"fr_FR","og_type":"article","og_title":"Fever in the jungle - Cordal\u00e8s","og_description":"Une fille indompt\u00e9e fait corps avec la nature&#8230; &#8230;communiant pleinement avec les arbres d\u00e9nud\u00e9s d&rsquo;une for\u00eat onirique. Serait-ce Jane, la compagne de Tarzan, partant \u00e0 sa recherche \u2026 \u2026ou une admiratrice, fan de cette vie sauvage : la jungle ! Huile sur toile 60 x 50 cm \u00a0Prix : 500\u20ac","og_url":"http:\/\/www.cordales.be\/index.php\/galerie\/fever-in-the-jungle\/","og_site_name":"Cordal\u00e8s","article_modified_time":"2016-12-17T10:18:40+00:00","og_image":[{"url":"http:\/\/www.cordales.be\/wp-content\/uploads\/2016\/03\/Fever-in-the-Jungle-6-225x300.jpg"}],"schema":{"@context":"https:\/\/schema.org","@graph":[{"@type":"WebPage","@id":"http:\/\/www.cordales.be\/index.php\/galerie\/fever-in-the-jungle\/","url":"http:\/\/www.cordales.be\/index.php\/galerie\/fever-in-the-jungle\/","name":"Fever in the jungle - Cordal\u00e8s","isPartOf":{"@id":"http:\/\/www.cordales.be\/#website"},"datePublished":"2016-03-14T15:36:33+00:00","dateModified":"2016-12-17T10:18:40+00:00","breadcrumb":{"@id":"http:\/\/www.cordales.be\/index.php\/galerie\/fever-in-the-jungle\/#breadcrumb"},"inLanguage":"fr-FR","potentialAction":[{"@type":"ReadAction","target":["http:\/\/www.cordales.be\/index.php\/galerie\/fever-in-the-jungle\/"]}]},{"@type":"BreadcrumbList","@id":"http:\/\/www.cordales.be\/index.php\/galerie\/fever-in-the-jungle\/#breadcrumb","itemListElement":[{"@type":"ListItem","position":1,"name":"Accueil","item":"http:\/\/www.cordales.be\/"},{"@type":"ListItem","position":2,"name":"Galerie","item":"http:\/\/www.cordales.be\/index.php\/galerie\/"},{"@type":"ListItem","position":3,"name":"Fever in the jungle"}]},{"@type":"WebSite","@id":"http:\/\/www.cordales.be\/#website","url":"http:\/\/www.cordales.be\/","name":"Cordal\u00e8s","description":"Artiste peintre","potentialAction":[{"@type":"SearchAction","target":{"@type":"EntryPoint","urlTemplate":"http:\/\/www.cordales.be\/?s={search_term_string}"},"query-input":"required name=search_term_string"}],"inLanguage":"fr-FR"}]}},"_links":{"self":[{"href":"http:\/\/www.cordales.be\/index.php\/wp-json\/wp\/v2\/pages\/684"}],"collection":[{"href":"http:\/\/www.cordales.be\/index.php\/wp-json\/wp\/v2\/pages"}],"about":[{"href":"http:\/\/www.cordales.be\/index.php\/wp-json\/wp\/v2\/types\/page"}],"author":[{"embeddable":true,"href":"http:\/\/www.cordales.be\/index.php\/wp-json\/wp\/v2\/users\/2"}],"replies":[{"embeddable":true,"href":"http:\/\/www.cordales.be\/index.php\/wp-json\/wp\/v2\/comments?post=684"}],"version-history":[{"count":5,"href":"http:\/\/www.cordales.be\/index.php\/wp-json\/wp\/v2\/pages\/684\/revisions"}],"predecessor-version":[{"id":767,"href":"http:\/\/www.cordales.be\/index.php\/wp-json\/wp\/v2\/pages\/684\/revisions\/767"}],"up":[{"embeddable":true,"href":"http:\/\/www.cordales.be\/index.php\/wp-json\/wp\/v2\/pages\/11"}],"wp:attachment":[{"href":"http:\/\/www.cordales.be\/index.php\/wp-json\/wp\/v2\/media?parent=684"}],"curies":[{"name":"wp","href":"https:\/\/api.w.org\/{rel}","templated":true}]}}