{"id":626,"date":"2016-03-12T13:41:44","date_gmt":"2016-03-12T12:41:44","guid":{"rendered":"http:\/\/www.cordales.be\/?page_id=626"},"modified":"2016-12-17T11:11:21","modified_gmt":"2016-12-17T10:11:21","slug":"arcane-ou-arnaque","status":"publish","type":"page","link":"http:\/\/www.cordales.be\/index.php\/galerie\/les-mysteres-du-temps\/arcane-ou-arnaque\/","title":{"rendered":"Arcane ou Arnaque"},"content":{"rendered":"<p><a href=\"http:\/\/www.cordales.be\/wp-content\/uploads\/2015\/02\/00-00-00_0035.jpg\"><img loading=\"lazy\" decoding=\"async\" class=\"size-medium wp-image-181 alignleft\" src=\"http:\/\/www.cordales.be\/wp-content\/uploads\/2015\/02\/00-00-00_0035-225x300.jpg\" alt=\"Arcane et Arnaque\" width=\"225\" height=\"300\" srcset=\"http:\/\/www.cordales.be\/wp-content\/uploads\/2015\/02\/00-00-00_0035-225x300.jpg 225w, http:\/\/www.cordales.be\/wp-content\/uploads\/2015\/02\/00-00-00_0035.jpg 450w\" sizes=\"(max-width: 225px) 100vw, 225px\" \/><\/a><\/p>\n<p>&nbsp;<\/p>\n<p>&nbsp;<\/p>\n<p>&nbsp;<\/p>\n<p>&nbsp;<\/p>\n<p><em>Dans la p\u00e9nombre des rouages,<\/em><\/p>\n<p><em>Un secret, une arcane difficile, voire impossible \u00e0 comprendre&#8230;<\/em><\/p>\n<p>Huile sur toile 40 x 60 cm \u00a0Prix : 350\u20ac<\/p>\n","protected":false},"excerpt":{"rendered":"<p>&nbsp; &nbsp; &nbsp; &nbsp; Dans la p\u00e9nombre des rouages, Un secret, une arcane difficile, voire impossible \u00e0 comprendre&#8230; Huile sur toile 40 x 60 cm \u00a0Prix : 350\u20ac<\/p>\n","protected":false},"author":2,"featured_media":0,"parent":606,"menu_order":0,"comment_status":"closed","ping_status":"open","template":"","meta":{"ngg_post_thumbnail":0,"footnotes":""},"yoast_head":"<!-- This site is optimized with the Yoast SEO plugin v21.7 - https:\/\/yoast.com\/wordpress\/plugins\/seo\/ -->\n<title>Arcane ou Arnaque - Cordal\u00e8s<\/title>\n<meta name=\"robots\" content=\"index, follow, max-snippet:-1, max-image-preview:large, max-video-preview:-1\" \/>\n<link rel=\"canonical\" href=\"http:\/\/www.cordales.be\/index.php\/galerie\/les-mysteres-du-temps\/arcane-ou-arnaque\/\" \/>\n<meta property=\"og:locale\" content=\"fr_FR\" \/>\n<meta property=\"og:type\" content=\"article\" \/>\n<meta property=\"og:title\" content=\"Arcane ou Arnaque - Cordal\u00e8s\" \/>\n<meta property=\"og:description\" content=\"&nbsp; &nbsp; &nbsp; &nbsp; Dans la p\u00e9nombre des rouages, Un secret, une arcane difficile, voire impossible \u00e0 comprendre&#8230; Huile sur toile 40 x 60 cm \u00a0Prix : 350\u20ac\" \/>\n<meta property=\"og:url\" content=\"http:\/\/www.cordales.be\/index.php\/galerie\/les-mysteres-du-temps\/arcane-ou-arnaque\/\" \/>\n<meta property=\"og:site_name\" content=\"Cordal\u00e8s\" \/>\n<meta property=\"article:modified_time\" content=\"2016-12-17T10:11:21+00:00\" \/>\n<meta property=\"og:image\" content=\"http:\/\/www.cordales.be\/wp-content\/uploads\/2015\/02\/00-00-00_0035-225x300.jpg\" \/>\n<script type=\"application\/ld+json\" class=\"yoast-schema-graph\">{\"@context\":\"https:\/\/schema.org\",\"@graph\":[{\"@type\":\"WebPage\",\"@id\":\"http:\/\/www.cordales.be\/index.php\/galerie\/les-mysteres-du-temps\/arcane-ou-arnaque\/\",\"url\":\"http:\/\/www.cordales.be\/index.php\/galerie\/les-mysteres-du-temps\/arcane-ou-arnaque\/\",\"name\":\"Arcane ou Arnaque - Cordal\u00e8s\",\"isPartOf\":{\"@id\":\"http:\/\/www.cordales.be\/#website\"},\"datePublished\":\"2016-03-12T12:41:44+00:00\",\"dateModified\":\"2016-12-17T10:11:21+00:00\",\"breadcrumb\":{\"@id\":\"http:\/\/www.cordales.be\/index.php\/galerie\/les-mysteres-du-temps\/arcane-ou-arnaque\/#breadcrumb\"},\"inLanguage\":\"fr-FR\",\"potentialAction\":[{\"@type\":\"ReadAction\",\"target\":[\"http:\/\/www.cordales.be\/index.php\/galerie\/les-mysteres-du-temps\/arcane-ou-arnaque\/\"]}]},{\"@type\":\"BreadcrumbList\",\"@id\":\"http:\/\/www.cordales.be\/index.php\/galerie\/les-mysteres-du-temps\/arcane-ou-arnaque\/#breadcrumb\",\"itemListElement\":[{\"@type\":\"ListItem\",\"position\":1,\"name\":\"Accueil\",\"item\":\"http:\/\/www.cordales.be\/\"},{\"@type\":\"ListItem\",\"position\":2,\"name\":\"Galerie\",\"item\":\"http:\/\/www.cordales.be\/index.php\/galerie\/\"},{\"@type\":\"ListItem\",\"position\":3,\"name\":\"Les Myst\u00e8res du temps\",\"item\":\"http:\/\/www.cordales.be\/index.php\/galerie\/les-mysteres-du-temps\/\"},{\"@type\":\"ListItem\",\"position\":4,\"name\":\"Arcane ou Arnaque\"}]},{\"@type\":\"WebSite\",\"@id\":\"http:\/\/www.cordales.be\/#website\",\"url\":\"http:\/\/www.cordales.be\/\",\"name\":\"Cordal\u00e8s\",\"description\":\"Artiste peintre\",\"potentialAction\":[{\"@type\":\"SearchAction\",\"target\":{\"@type\":\"EntryPoint\",\"urlTemplate\":\"http:\/\/www.cordales.be\/?s={search_term_string}\"},\"query-input\":\"required name=search_term_string\"}],\"inLanguage\":\"fr-FR\"}]}<\/script>\n<!-- \/ Yoast SEO plugin. -->","yoast_head_json":{"title":"Arcane ou Arnaque - Cordal\u00e8s","robots":{"index":"index","follow":"follow","max-snippet":"max-snippet:-1","max-image-preview":"max-image-preview:large","max-video-preview":"max-video-preview:-1"},"canonical":"http:\/\/www.cordales.be\/index.php\/galerie\/les-mysteres-du-temps\/arcane-ou-arnaque\/","og_locale":"fr_FR","og_type":"article","og_title":"Arcane ou Arnaque - Cordal\u00e8s","og_description":"&nbsp; &nbsp; &nbsp; &nbsp; Dans la p\u00e9nombre des rouages, Un secret, une arcane difficile, voire impossible \u00e0 comprendre&#8230; Huile sur toile 40 x 60 cm \u00a0Prix : 350\u20ac","og_url":"http:\/\/www.cordales.be\/index.php\/galerie\/les-mysteres-du-temps\/arcane-ou-arnaque\/","og_site_name":"Cordal\u00e8s","article_modified_time":"2016-12-17T10:11:21+00:00","og_image":[{"url":"http:\/\/www.cordales.be\/wp-content\/uploads\/2015\/02\/00-00-00_0035-225x300.jpg"}],"schema":{"@context":"https:\/\/schema.org","@graph":[{"@type":"WebPage","@id":"http:\/\/www.cordales.be\/index.php\/galerie\/les-mysteres-du-temps\/arcane-ou-arnaque\/","url":"http:\/\/www.cordales.be\/index.php\/galerie\/les-mysteres-du-temps\/arcane-ou-arnaque\/","name":"Arcane ou Arnaque - Cordal\u00e8s","isPartOf":{"@id":"http:\/\/www.cordales.be\/#website"},"datePublished":"2016-03-12T12:41:44+00:00","dateModified":"2016-12-17T10:11:21+00:00","breadcrumb":{"@id":"http:\/\/www.cordales.be\/index.php\/galerie\/les-mysteres-du-temps\/arcane-ou-arnaque\/#breadcrumb"},"inLanguage":"fr-FR","potentialAction":[{"@type":"ReadAction","target":["http:\/\/www.cordales.be\/index.php\/galerie\/les-mysteres-du-temps\/arcane-ou-arnaque\/"]}]},{"@type":"BreadcrumbList","@id":"http:\/\/www.cordales.be\/index.php\/galerie\/les-mysteres-du-temps\/arcane-ou-arnaque\/#breadcrumb","itemListElement":[{"@type":"ListItem","position":1,"name":"Accueil","item":"http:\/\/www.cordales.be\/"},{"@type":"ListItem","position":2,"name":"Galerie","item":"http:\/\/www.cordales.be\/index.php\/galerie\/"},{"@type":"ListItem","position":3,"name":"Les Myst\u00e8res du temps","item":"http:\/\/www.cordales.be\/index.php\/galerie\/les-mysteres-du-temps\/"},{"@type":"ListItem","position":4,"name":"Arcane ou Arnaque"}]},{"@type":"WebSite","@id":"http:\/\/www.cordales.be\/#website","url":"http:\/\/www.cordales.be\/","name":"Cordal\u00e8s","description":"Artiste peintre","potentialAction":[{"@type":"SearchAction","target":{"@type":"EntryPoint","urlTemplate":"http:\/\/www.cordales.be\/?s={search_term_string}"},"query-input":"required name=search_term_string"}],"inLanguage":"fr-FR"}]}},"_links":{"self":[{"href":"http:\/\/www.cordales.be\/index.php\/wp-json\/wp\/v2\/pages\/626"}],"collection":[{"href":"http:\/\/www.cordales.be\/index.php\/wp-json\/wp\/v2\/pages"}],"about":[{"href":"http:\/\/www.cordales.be\/index.php\/wp-json\/wp\/v2\/types\/page"}],"author":[{"embeddable":true,"href":"http:\/\/www.cordales.be\/index.php\/wp-json\/wp\/v2\/users\/2"}],"replies":[{"embeddable":true,"href":"http:\/\/www.cordales.be\/index.php\/wp-json\/wp\/v2\/comments?post=626"}],"version-history":[{"count":2,"href":"http:\/\/www.cordales.be\/index.php\/wp-json\/wp\/v2\/pages\/626\/revisions"}],"predecessor-version":[{"id":630,"href":"http:\/\/www.cordales.be\/index.php\/wp-json\/wp\/v2\/pages\/626\/revisions\/630"}],"up":[{"embeddable":true,"href":"http:\/\/www.cordales.be\/index.php\/wp-json\/wp\/v2\/pages\/606"}],"wp:attachment":[{"href":"http:\/\/www.cordales.be\/index.php\/wp-json\/wp\/v2\/media?parent=626"}],"curies":[{"name":"wp","href":"https:\/\/api.w.org\/{rel}","templated":true}]}}