{"id":497,"date":"2016-03-10T11:19:56","date_gmt":"2016-03-10T10:19:56","guid":{"rendered":"http:\/\/www.cordales.be\/?page_id=497"},"modified":"2016-12-17T16:01:36","modified_gmt":"2016-12-17T15:01:36","slug":"tentations","status":"publish","type":"page","link":"http:\/\/www.cordales.be\/index.php\/galerie\/tentations\/","title":{"rendered":"Tentations"},"content":{"rendered":"<figure id=\"attachment_7\" aria-describedby=\"caption-attachment-7\" style=\"width: 248px\" class=\"wp-caption alignnone\"><a href=\"http:\/\/www.cordales.be\/index.php\/galerie\/la-nonne\/\"><img loading=\"lazy\" decoding=\"async\" class=\"wp-image-7 size-medium\" src=\"http:\/\/www.cordales.be\/wp-content\/uploads\/2015\/02\/La-Nonne-248x300.jpg\" alt=\"La Nonne\" width=\"248\" height=\"300\" srcset=\"http:\/\/www.cordales.be\/wp-content\/uploads\/2015\/02\/La-Nonne-248x300.jpg 248w, http:\/\/www.cordales.be\/wp-content\/uploads\/2015\/02\/La-Nonne.jpg 476w\" sizes=\"(max-width: 248px) 100vw, 248px\" \/><\/a><figcaption id=\"caption-attachment-7\" class=\"wp-caption-text\">La Nonne<\/figcaption><\/figure>\n<p>&nbsp;<\/p>\n<figure id=\"attachment_167\" aria-describedby=\"caption-attachment-167\" style=\"width: 300px\" class=\"wp-caption alignnone\"><a href=\"http:\/\/www.cordales.be\/wp-content\/uploads\/2015\/02\/00-00-00_0003.jpg\"><img loading=\"lazy\" decoding=\"async\" class=\"size-medium wp-image-167\" src=\"http:\/\/www.cordales.be\/wp-content\/uploads\/2015\/02\/00-00-00_0003-300x225.jpg\" alt=\"Et ainsi la Farce sera parfaite\" width=\"300\" height=\"225\" srcset=\"http:\/\/www.cordales.be\/wp-content\/uploads\/2015\/02\/00-00-00_0003-300x225.jpg 300w, http:\/\/www.cordales.be\/wp-content\/uploads\/2015\/02\/00-00-00_0003.jpg 800w\" sizes=\"(max-width: 300px) 100vw, 300px\" \/><\/a><figcaption id=\"caption-attachment-167\" class=\"wp-caption-text\">Et ainsi la Farce sera parfaite<\/figcaption><\/figure>\n<p>&nbsp;<\/p>\n<figure id=\"attachment_171\" aria-describedby=\"caption-attachment-171\" style=\"width: 225px\" class=\"wp-caption alignnone\"><a href=\"http:\/\/www.cordales.be\/wp-content\/uploads\/2015\/02\/00-00-00_0016.jpg\"><img loading=\"lazy\" decoding=\"async\" class=\"size-medium wp-image-171\" src=\"http:\/\/www.cordales.be\/wp-content\/uploads\/2015\/02\/00-00-00_0016-225x300.jpg\" alt=\"L'Armistice\" width=\"225\" height=\"300\" srcset=\"http:\/\/www.cordales.be\/wp-content\/uploads\/2015\/02\/00-00-00_0016-225x300.jpg 225w, http:\/\/www.cordales.be\/wp-content\/uploads\/2015\/02\/00-00-00_0016.jpg 450w\" sizes=\"(max-width: 225px) 100vw, 225px\" \/><\/a><figcaption id=\"caption-attachment-171\" class=\"wp-caption-text\">L&rsquo;Armistice<\/figcaption><\/figure>\n<figure id=\"attachment_178\" aria-describedby=\"caption-attachment-178\" style=\"width: 225px\" class=\"wp-caption alignnone\"><a href=\"http:\/\/www.cordales.be\/wp-content\/uploads\/2015\/02\/00-00-00_0031.jpg\"><img loading=\"lazy\" decoding=\"async\" class=\"size-medium wp-image-178\" src=\"http:\/\/www.cordales.be\/wp-content\/uploads\/2015\/02\/00-00-00_0031-225x300.jpg\" alt=\"Dos au Mur\" width=\"225\" height=\"300\" srcset=\"http:\/\/www.cordales.be\/wp-content\/uploads\/2015\/02\/00-00-00_0031-225x300.jpg 225w, http:\/\/www.cordales.be\/wp-content\/uploads\/2015\/02\/00-00-00_0031.jpg 450w\" sizes=\"(max-width: 225px) 100vw, 225px\" \/><\/a><figcaption id=\"caption-attachment-178\" class=\"wp-caption-text\">Dos au Mur<\/figcaption><\/figure>\n<figure id=\"attachment_193\" aria-describedby=\"caption-attachment-193\" style=\"width: 225px\" class=\"wp-caption alignnone\"><a href=\"http:\/\/www.cordales.be\/wp-content\/uploads\/2015\/02\/00-00-00_0054.jpg\"><img loading=\"lazy\" decoding=\"async\" class=\"wp-image-193 size-medium\" src=\"http:\/\/www.cordales.be\/wp-content\/uploads\/2015\/02\/00-00-00_0054-225x300.jpg\" alt=\"Structure Neuronale\" width=\"225\" height=\"300\" srcset=\"http:\/\/www.cordales.be\/wp-content\/uploads\/2015\/02\/00-00-00_0054-225x300.jpg 225w, http:\/\/www.cordales.be\/wp-content\/uploads\/2015\/02\/00-00-00_0054.jpg 450w\" sizes=\"(max-width: 225px) 100vw, 225px\" \/><\/a><figcaption id=\"caption-attachment-193\" class=\"wp-caption-text\">Structure Neuronale<\/figcaption><\/figure>\n<figure id=\"attachment_190\" aria-describedby=\"caption-attachment-190\" style=\"width: 225px\" class=\"wp-caption alignnone\"><a href=\"http:\/\/www.cordales.be\/wp-content\/uploads\/2015\/02\/00-00-00_0051.jpg\"><img loading=\"lazy\" decoding=\"async\" class=\"size-medium wp-image-190\" src=\"http:\/\/www.cordales.be\/wp-content\/uploads\/2015\/02\/00-00-00_0051-225x300.jpg\" alt=\"Abusives Supplications\" width=\"225\" height=\"300\" srcset=\"http:\/\/www.cordales.be\/wp-content\/uploads\/2015\/02\/00-00-00_0051-225x300.jpg 225w, http:\/\/www.cordales.be\/wp-content\/uploads\/2015\/02\/00-00-00_0051.jpg 450w\" sizes=\"(max-width: 225px) 100vw, 225px\" \/><\/a><figcaption id=\"caption-attachment-190\" class=\"wp-caption-text\">Abusives Supplications<\/figcaption><\/figure>\n<p>&nbsp;<\/p>\n<figure id=\"attachment_192\" aria-describedby=\"caption-attachment-192\" style=\"width: 225px\" class=\"wp-caption alignnone\"><a href=\"http:\/\/www.cordales.be\/wp-content\/uploads\/2015\/02\/00-00-00_0053.jpg\"><img loading=\"lazy\" decoding=\"async\" class=\"size-medium wp-image-192\" src=\"http:\/\/www.cordales.be\/wp-content\/uploads\/2015\/02\/00-00-00_0053-225x300.jpg\" alt=\"La cit\u00e9 des Turpitudes\" width=\"225\" height=\"300\" srcset=\"http:\/\/www.cordales.be\/wp-content\/uploads\/2015\/02\/00-00-00_0053-225x300.jpg 225w, http:\/\/www.cordales.be\/wp-content\/uploads\/2015\/02\/00-00-00_0053.jpg 450w\" sizes=\"(max-width: 225px) 100vw, 225px\" \/><\/a><figcaption id=\"caption-attachment-192\" class=\"wp-caption-text\">La cit\u00e9 des Turpitudes<\/figcaption><\/figure>\n<figure id=\"attachment_191\" aria-describedby=\"caption-attachment-191\" style=\"width: 225px\" class=\"wp-caption alignnone\"><a href=\"http:\/\/www.cordales.be\/wp-content\/uploads\/2015\/02\/00-00-00_0052.jpg\"><img loading=\"lazy\" decoding=\"async\" class=\"size-medium wp-image-191\" src=\"http:\/\/www.cordales.be\/wp-content\/uploads\/2015\/02\/00-00-00_0052-225x300.jpg\" alt=\"Pistache\" width=\"225\" height=\"300\" srcset=\"http:\/\/www.cordales.be\/wp-content\/uploads\/2015\/02\/00-00-00_0052-225x300.jpg 225w, http:\/\/www.cordales.be\/wp-content\/uploads\/2015\/02\/00-00-00_0052.jpg 450w\" sizes=\"(max-width: 225px) 100vw, 225px\" \/><\/a><figcaption id=\"caption-attachment-191\" class=\"wp-caption-text\">Pistache<\/figcaption><\/figure>\n<figure id=\"attachment_736\" aria-describedby=\"caption-attachment-736\" style=\"width: 225px\" class=\"wp-caption alignnone\"><a href=\"http:\/\/www.cordales.be\/wp-content\/uploads\/2016\/12\/2015-02-15-13-48-48_0089.jpg\"><img loading=\"lazy\" decoding=\"async\" class=\"size-medium wp-image-736\" src=\"http:\/\/www.cordales.be\/wp-content\/uploads\/2016\/12\/2015-02-15-13-48-48_0089-225x300.jpg\" alt=\"Tentation\" width=\"225\" height=\"300\" srcset=\"http:\/\/www.cordales.be\/wp-content\/uploads\/2016\/12\/2015-02-15-13-48-48_0089-225x300.jpg 225w, http:\/\/www.cordales.be\/wp-content\/uploads\/2016\/12\/2015-02-15-13-48-48_0089-768x1024.jpg 768w\" sizes=\"(max-width: 225px) 100vw, 225px\" \/><\/a><figcaption id=\"caption-attachment-736\" class=\"wp-caption-text\">Seules les \u00e9preuves m\u00e8nent \u00e0 la vie mystique<\/figcaption><\/figure>\n<p>&nbsp;<\/p>\n<p>&nbsp;<\/p>\n","protected":false},"excerpt":{"rendered":"<p>&nbsp; &nbsp; &nbsp; &nbsp; &nbsp;<\/p>\n","protected":false},"author":2,"featured_media":0,"parent":11,"menu_order":0,"comment_status":"closed","ping_status":"open","template":"","meta":{"ngg_post_thumbnail":0,"footnotes":""},"yoast_head":"<!-- This site is optimized with the Yoast SEO plugin v21.7 - https:\/\/yoast.com\/wordpress\/plugins\/seo\/ -->\n<title>Tentations - Cordal\u00e8s<\/title>\n<meta name=\"robots\" content=\"index, follow, max-snippet:-1, max-image-preview:large, max-video-preview:-1\" \/>\n<link rel=\"canonical\" href=\"http:\/\/www.cordales.be\/index.php\/galerie\/tentations\/\" \/>\n<meta property=\"og:locale\" content=\"fr_FR\" \/>\n<meta property=\"og:type\" content=\"article\" \/>\n<meta property=\"og:title\" content=\"Tentations - Cordal\u00e8s\" \/>\n<meta property=\"og:description\" content=\"&nbsp; &nbsp; &nbsp; &nbsp; &nbsp;\" \/>\n<meta property=\"og:url\" content=\"http:\/\/www.cordales.be\/index.php\/galerie\/tentations\/\" \/>\n<meta property=\"og:site_name\" content=\"Cordal\u00e8s\" \/>\n<meta property=\"article:modified_time\" content=\"2016-12-17T15:01:36+00:00\" \/>\n<meta property=\"og:image\" content=\"http:\/\/www.cordales.be\/wp-content\/uploads\/2015\/02\/La-Nonne-248x300.jpg\" \/>\n<script type=\"application\/ld+json\" class=\"yoast-schema-graph\">{\"@context\":\"https:\/\/schema.org\",\"@graph\":[{\"@type\":\"WebPage\",\"@id\":\"http:\/\/www.cordales.be\/index.php\/galerie\/tentations\/\",\"url\":\"http:\/\/www.cordales.be\/index.php\/galerie\/tentations\/\",\"name\":\"Tentations - Cordal\u00e8s\",\"isPartOf\":{\"@id\":\"http:\/\/www.cordales.be\/#website\"},\"datePublished\":\"2016-03-10T10:19:56+00:00\",\"dateModified\":\"2016-12-17T15:01:36+00:00\",\"breadcrumb\":{\"@id\":\"http:\/\/www.cordales.be\/index.php\/galerie\/tentations\/#breadcrumb\"},\"inLanguage\":\"fr-FR\",\"potentialAction\":[{\"@type\":\"ReadAction\",\"target\":[\"http:\/\/www.cordales.be\/index.php\/galerie\/tentations\/\"]}]},{\"@type\":\"BreadcrumbList\",\"@id\":\"http:\/\/www.cordales.be\/index.php\/galerie\/tentations\/#breadcrumb\",\"itemListElement\":[{\"@type\":\"ListItem\",\"position\":1,\"name\":\"Accueil\",\"item\":\"http:\/\/www.cordales.be\/\"},{\"@type\":\"ListItem\",\"position\":2,\"name\":\"Galerie\",\"item\":\"http:\/\/www.cordales.be\/index.php\/galerie\/\"},{\"@type\":\"ListItem\",\"position\":3,\"name\":\"Tentations\"}]},{\"@type\":\"WebSite\",\"@id\":\"http:\/\/www.cordales.be\/#website\",\"url\":\"http:\/\/www.cordales.be\/\",\"name\":\"Cordal\u00e8s\",\"description\":\"Artiste peintre\",\"potentialAction\":[{\"@type\":\"SearchAction\",\"target\":{\"@type\":\"EntryPoint\",\"urlTemplate\":\"http:\/\/www.cordales.be\/?s={search_term_string}\"},\"query-input\":\"required name=search_term_string\"}],\"inLanguage\":\"fr-FR\"}]}<\/script>\n<!-- \/ Yoast SEO plugin. -->","yoast_head_json":{"title":"Tentations - Cordal\u00e8s","robots":{"index":"index","follow":"follow","max-snippet":"max-snippet:-1","max-image-preview":"max-image-preview:large","max-video-preview":"max-video-preview:-1"},"canonical":"http:\/\/www.cordales.be\/index.php\/galerie\/tentations\/","og_locale":"fr_FR","og_type":"article","og_title":"Tentations - Cordal\u00e8s","og_description":"&nbsp; &nbsp; &nbsp; &nbsp; &nbsp;","og_url":"http:\/\/www.cordales.be\/index.php\/galerie\/tentations\/","og_site_name":"Cordal\u00e8s","article_modified_time":"2016-12-17T15:01:36+00:00","og_image":[{"url":"http:\/\/www.cordales.be\/wp-content\/uploads\/2015\/02\/La-Nonne-248x300.jpg"}],"schema":{"@context":"https:\/\/schema.org","@graph":[{"@type":"WebPage","@id":"http:\/\/www.cordales.be\/index.php\/galerie\/tentations\/","url":"http:\/\/www.cordales.be\/index.php\/galerie\/tentations\/","name":"Tentations - Cordal\u00e8s","isPartOf":{"@id":"http:\/\/www.cordales.be\/#website"},"datePublished":"2016-03-10T10:19:56+00:00","dateModified":"2016-12-17T15:01:36+00:00","breadcrumb":{"@id":"http:\/\/www.cordales.be\/index.php\/galerie\/tentations\/#breadcrumb"},"inLanguage":"fr-FR","potentialAction":[{"@type":"ReadAction","target":["http:\/\/www.cordales.be\/index.php\/galerie\/tentations\/"]}]},{"@type":"BreadcrumbList","@id":"http:\/\/www.cordales.be\/index.php\/galerie\/tentations\/#breadcrumb","itemListElement":[{"@type":"ListItem","position":1,"name":"Accueil","item":"http:\/\/www.cordales.be\/"},{"@type":"ListItem","position":2,"name":"Galerie","item":"http:\/\/www.cordales.be\/index.php\/galerie\/"},{"@type":"ListItem","position":3,"name":"Tentations"}]},{"@type":"WebSite","@id":"http:\/\/www.cordales.be\/#website","url":"http:\/\/www.cordales.be\/","name":"Cordal\u00e8s","description":"Artiste peintre","potentialAction":[{"@type":"SearchAction","target":{"@type":"EntryPoint","urlTemplate":"http:\/\/www.cordales.be\/?s={search_term_string}"},"query-input":"required name=search_term_string"}],"inLanguage":"fr-FR"}]}},"_links":{"self":[{"href":"http:\/\/www.cordales.be\/index.php\/wp-json\/wp\/v2\/pages\/497"}],"collection":[{"href":"http:\/\/www.cordales.be\/index.php\/wp-json\/wp\/v2\/pages"}],"about":[{"href":"http:\/\/www.cordales.be\/index.php\/wp-json\/wp\/v2\/types\/page"}],"author":[{"embeddable":true,"href":"http:\/\/www.cordales.be\/index.php\/wp-json\/wp\/v2\/users\/2"}],"replies":[{"embeddable":true,"href":"http:\/\/www.cordales.be\/index.php\/wp-json\/wp\/v2\/comments?post=497"}],"version-history":[{"count":32,"href":"http:\/\/www.cordales.be\/index.php\/wp-json\/wp\/v2\/pages\/497\/revisions"}],"predecessor-version":[{"id":803,"href":"http:\/\/www.cordales.be\/index.php\/wp-json\/wp\/v2\/pages\/497\/revisions\/803"}],"up":[{"embeddable":true,"href":"http:\/\/www.cordales.be\/index.php\/wp-json\/wp\/v2\/pages\/11"}],"wp:attachment":[{"href":"http:\/\/www.cordales.be\/index.php\/wp-json\/wp\/v2\/media?parent=497"}],"curies":[{"name":"wp","href":"https:\/\/api.w.org\/{rel}","templated":true}]}}