{"id":330,"date":"2015-02-17T14:01:33","date_gmt":"2015-02-17T13:01:33","guid":{"rendered":"http:\/\/www.cordales.be\/?page_id=330"},"modified":"2016-12-17T16:54:06","modified_gmt":"2016-12-17T15:54:06","slug":"seules-les-epreuves-menent-a-la-vie-mystique","status":"publish","type":"page","link":"http:\/\/www.cordales.be\/index.php\/galerie\/seules-les-epreuves-menent-a-la-vie-mystique\/","title":{"rendered":"Seules les \u00e9preuves m\u00e8nent \u00e0 la vie mystique"},"content":{"rendered":"<p><a href=\"http:\/\/www.cordales.be\/wp-content\/uploads\/2016\/12\/2015-02-15-13-48-48_0089.jpg\"><img loading=\"lazy\" decoding=\"async\" class=\"alignnone size-medium wp-image-736\" src=\"http:\/\/www.cordales.be\/wp-content\/uploads\/2016\/12\/2015-02-15-13-48-48_0089-225x300.jpg\" alt=\"OLYMPUS DIGITAL CAMERA\" width=\"225\" height=\"300\" srcset=\"http:\/\/www.cordales.be\/wp-content\/uploads\/2016\/12\/2015-02-15-13-48-48_0089-225x300.jpg 225w, http:\/\/www.cordales.be\/wp-content\/uploads\/2016\/12\/2015-02-15-13-48-48_0089-768x1024.jpg 768w\" sizes=\"(max-width: 225px) 100vw, 225px\" \/><\/a><\/p>\n<p><em>Nous voil\u00e0 bien dans le domaine trouble de la tentation et nous observons d&rsquo;ores et d\u00e9j\u00e0 une totale reddition&#8230; Une acceptation de tout ce qui va in\u00e9vitablement survenir&#8230;<\/em><\/p>\n<p><em>Tout est \u00e9crit<\/em><\/p>\n<p>Toile 80 cm x 60 cm<\/p>\n<p>Prix 750\u20ac<\/p>\n","protected":false},"excerpt":{"rendered":"<p>Nous voil\u00e0 bien dans le domaine trouble de la tentation et nous observons d&rsquo;ores et d\u00e9j\u00e0 une totale reddition&#8230; Une acceptation de tout ce qui va in\u00e9vitablement survenir&#8230; Tout est \u00e9crit Toile 80 cm x 60 cm Prix 750\u20ac<\/p>\n","protected":false},"author":2,"featured_media":0,"parent":11,"menu_order":0,"comment_status":"closed","ping_status":"open","template":"","meta":{"ngg_post_thumbnail":0,"footnotes":""},"yoast_head":"<!-- This site is optimized with the Yoast SEO plugin v21.7 - https:\/\/yoast.com\/wordpress\/plugins\/seo\/ -->\n<title>Seules les \u00e9preuves m\u00e8nent \u00e0 la vie mystique - Cordal\u00e8s<\/title>\n<meta name=\"robots\" content=\"index, follow, max-snippet:-1, max-image-preview:large, max-video-preview:-1\" \/>\n<link rel=\"canonical\" href=\"http:\/\/www.cordales.be\/index.php\/galerie\/seules-les-epreuves-menent-a-la-vie-mystique\/\" \/>\n<meta property=\"og:locale\" content=\"fr_FR\" \/>\n<meta property=\"og:type\" content=\"article\" \/>\n<meta property=\"og:title\" content=\"Seules les \u00e9preuves m\u00e8nent \u00e0 la vie mystique - Cordal\u00e8s\" \/>\n<meta property=\"og:description\" content=\"Nous voil\u00e0 bien dans le domaine trouble de la tentation et nous observons d&rsquo;ores et d\u00e9j\u00e0 une totale reddition&#8230; Une acceptation de tout ce qui va in\u00e9vitablement survenir&#8230; Tout est \u00e9crit Toile 80 cm x 60 cm Prix 750\u20ac\" \/>\n<meta property=\"og:url\" content=\"http:\/\/www.cordales.be\/index.php\/galerie\/seules-les-epreuves-menent-a-la-vie-mystique\/\" \/>\n<meta property=\"og:site_name\" content=\"Cordal\u00e8s\" \/>\n<meta property=\"article:modified_time\" content=\"2016-12-17T15:54:06+00:00\" \/>\n<meta property=\"og:image\" content=\"http:\/\/www.cordales.be\/wp-content\/uploads\/2016\/12\/2015-02-15-13-48-48_0089-225x300.jpg\" \/>\n<script type=\"application\/ld+json\" class=\"yoast-schema-graph\">{\"@context\":\"https:\/\/schema.org\",\"@graph\":[{\"@type\":\"WebPage\",\"@id\":\"http:\/\/www.cordales.be\/index.php\/galerie\/seules-les-epreuves-menent-a-la-vie-mystique\/\",\"url\":\"http:\/\/www.cordales.be\/index.php\/galerie\/seules-les-epreuves-menent-a-la-vie-mystique\/\",\"name\":\"Seules les \u00e9preuves m\u00e8nent \u00e0 la vie mystique - Cordal\u00e8s\",\"isPartOf\":{\"@id\":\"http:\/\/www.cordales.be\/#website\"},\"datePublished\":\"2015-02-17T13:01:33+00:00\",\"dateModified\":\"2016-12-17T15:54:06+00:00\",\"breadcrumb\":{\"@id\":\"http:\/\/www.cordales.be\/index.php\/galerie\/seules-les-epreuves-menent-a-la-vie-mystique\/#breadcrumb\"},\"inLanguage\":\"fr-FR\",\"potentialAction\":[{\"@type\":\"ReadAction\",\"target\":[\"http:\/\/www.cordales.be\/index.php\/galerie\/seules-les-epreuves-menent-a-la-vie-mystique\/\"]}]},{\"@type\":\"BreadcrumbList\",\"@id\":\"http:\/\/www.cordales.be\/index.php\/galerie\/seules-les-epreuves-menent-a-la-vie-mystique\/#breadcrumb\",\"itemListElement\":[{\"@type\":\"ListItem\",\"position\":1,\"name\":\"Accueil\",\"item\":\"http:\/\/www.cordales.be\/\"},{\"@type\":\"ListItem\",\"position\":2,\"name\":\"Galerie\",\"item\":\"http:\/\/www.cordales.be\/index.php\/galerie\/\"},{\"@type\":\"ListItem\",\"position\":3,\"name\":\"Seules les \u00e9preuves m\u00e8nent \u00e0 la vie mystique\"}]},{\"@type\":\"WebSite\",\"@id\":\"http:\/\/www.cordales.be\/#website\",\"url\":\"http:\/\/www.cordales.be\/\",\"name\":\"Cordal\u00e8s\",\"description\":\"Artiste peintre\",\"potentialAction\":[{\"@type\":\"SearchAction\",\"target\":{\"@type\":\"EntryPoint\",\"urlTemplate\":\"http:\/\/www.cordales.be\/?s={search_term_string}\"},\"query-input\":\"required name=search_term_string\"}],\"inLanguage\":\"fr-FR\"}]}<\/script>\n<!-- \/ Yoast SEO plugin. -->","yoast_head_json":{"title":"Seules les \u00e9preuves m\u00e8nent \u00e0 la vie mystique - Cordal\u00e8s","robots":{"index":"index","follow":"follow","max-snippet":"max-snippet:-1","max-image-preview":"max-image-preview:large","max-video-preview":"max-video-preview:-1"},"canonical":"http:\/\/www.cordales.be\/index.php\/galerie\/seules-les-epreuves-menent-a-la-vie-mystique\/","og_locale":"fr_FR","og_type":"article","og_title":"Seules les \u00e9preuves m\u00e8nent \u00e0 la vie mystique - Cordal\u00e8s","og_description":"Nous voil\u00e0 bien dans le domaine trouble de la tentation et nous observons d&rsquo;ores et d\u00e9j\u00e0 une totale reddition&#8230; Une acceptation de tout ce qui va in\u00e9vitablement survenir&#8230; Tout est \u00e9crit Toile 80 cm x 60 cm Prix 750\u20ac","og_url":"http:\/\/www.cordales.be\/index.php\/galerie\/seules-les-epreuves-menent-a-la-vie-mystique\/","og_site_name":"Cordal\u00e8s","article_modified_time":"2016-12-17T15:54:06+00:00","og_image":[{"url":"http:\/\/www.cordales.be\/wp-content\/uploads\/2016\/12\/2015-02-15-13-48-48_0089-225x300.jpg"}],"schema":{"@context":"https:\/\/schema.org","@graph":[{"@type":"WebPage","@id":"http:\/\/www.cordales.be\/index.php\/galerie\/seules-les-epreuves-menent-a-la-vie-mystique\/","url":"http:\/\/www.cordales.be\/index.php\/galerie\/seules-les-epreuves-menent-a-la-vie-mystique\/","name":"Seules les \u00e9preuves m\u00e8nent \u00e0 la vie mystique - Cordal\u00e8s","isPartOf":{"@id":"http:\/\/www.cordales.be\/#website"},"datePublished":"2015-02-17T13:01:33+00:00","dateModified":"2016-12-17T15:54:06+00:00","breadcrumb":{"@id":"http:\/\/www.cordales.be\/index.php\/galerie\/seules-les-epreuves-menent-a-la-vie-mystique\/#breadcrumb"},"inLanguage":"fr-FR","potentialAction":[{"@type":"ReadAction","target":["http:\/\/www.cordales.be\/index.php\/galerie\/seules-les-epreuves-menent-a-la-vie-mystique\/"]}]},{"@type":"BreadcrumbList","@id":"http:\/\/www.cordales.be\/index.php\/galerie\/seules-les-epreuves-menent-a-la-vie-mystique\/#breadcrumb","itemListElement":[{"@type":"ListItem","position":1,"name":"Accueil","item":"http:\/\/www.cordales.be\/"},{"@type":"ListItem","position":2,"name":"Galerie","item":"http:\/\/www.cordales.be\/index.php\/galerie\/"},{"@type":"ListItem","position":3,"name":"Seules les \u00e9preuves m\u00e8nent \u00e0 la vie mystique"}]},{"@type":"WebSite","@id":"http:\/\/www.cordales.be\/#website","url":"http:\/\/www.cordales.be\/","name":"Cordal\u00e8s","description":"Artiste peintre","potentialAction":[{"@type":"SearchAction","target":{"@type":"EntryPoint","urlTemplate":"http:\/\/www.cordales.be\/?s={search_term_string}"},"query-input":"required name=search_term_string"}],"inLanguage":"fr-FR"}]}},"_links":{"self":[{"href":"http:\/\/www.cordales.be\/index.php\/wp-json\/wp\/v2\/pages\/330"}],"collection":[{"href":"http:\/\/www.cordales.be\/index.php\/wp-json\/wp\/v2\/pages"}],"about":[{"href":"http:\/\/www.cordales.be\/index.php\/wp-json\/wp\/v2\/types\/page"}],"author":[{"embeddable":true,"href":"http:\/\/www.cordales.be\/index.php\/wp-json\/wp\/v2\/users\/2"}],"replies":[{"embeddable":true,"href":"http:\/\/www.cordales.be\/index.php\/wp-json\/wp\/v2\/comments?post=330"}],"version-history":[{"count":7,"href":"http:\/\/www.cordales.be\/index.php\/wp-json\/wp\/v2\/pages\/330\/revisions"}],"predecessor-version":[{"id":738,"href":"http:\/\/www.cordales.be\/index.php\/wp-json\/wp\/v2\/pages\/330\/revisions\/738"}],"up":[{"embeddable":true,"href":"http:\/\/www.cordales.be\/index.php\/wp-json\/wp\/v2\/pages\/11"}],"wp:attachment":[{"href":"http:\/\/www.cordales.be\/index.php\/wp-json\/wp\/v2\/media?parent=330"}],"curies":[{"name":"wp","href":"https:\/\/api.w.org\/{rel}","templated":true}]}}