{"id":2,"date":"2015-02-09T14:14:30","date_gmt":"2015-02-09T14:14:30","guid":{"rendered":"http:\/\/cordales.babilon.be\/?page_id=2"},"modified":"2016-03-12T14:24:12","modified_gmt":"2016-03-12T13:24:12","slug":"page-d-exemple","status":"publish","type":"page","link":"http:\/\/www.cordales.be\/","title":{"rendered":"Accueil"},"content":{"rendered":"<p style=\"text-align: left;\"><strong>Artiste peintre<\/strong> autodidacte, je m\u2019oblige \u00e0\u00a0cr\u00e9er des tableaux\u00a0quasi figuratifs, rejetant les outrances mercantiles du modernisme des artistes contemporains.<\/p>\n<p style=\"text-align: left;\">Je peins \u00e0 l\u2019huile et suis un fan\u00a0 du clair-obscur et des glacis.<\/p>\n<p style=\"text-align: left;\">Dans mes univers fantastiques, d\u00e9cal\u00e9s et subversifs,\u00a0\u00a0 je glorifie <strong>la femme<\/strong>, la beaut\u00e9, <strong>le diable<\/strong> et le c\u00f4t\u00e9 obscur de nos \u00e2mes.<\/p>\n<p style=\"text-align: left;\">Ce serait chouette si vous me laissiez un petit mot pour me donner votre avis sur mes toiles\u00a0!<\/p>\n","protected":false},"excerpt":{"rendered":"<p>Artiste peintre autodidacte, je m\u2019oblige \u00e0\u00a0cr\u00e9er des tableaux\u00a0quasi figuratifs, rejetant les outrances mercantiles du modernisme des artistes contemporains. Je peins \u00e0 l\u2019huile et suis un fan\u00a0 du clair-obscur et des glacis. Dans mes univers fantastiques, d\u00e9cal\u00e9s et subversifs,\u00a0\u00a0 je glorifie la femme, la beaut\u00e9, le diable et le c\u00f4t\u00e9 obscur de nos \u00e2mes. Ce serait &hellip; <a href=\"http:\/\/www.cordales.be\/\" class=\"more-link\">Continuer la lecture de <span class=\"screen-reader-text\">Accueil<\/span> <span class=\"meta-nav\">&rarr;<\/span><\/a><\/p>\n","protected":false},"author":1,"featured_media":0,"parent":0,"menu_order":0,"comment_status":"closed","ping_status":"open","template":"","meta":{"ngg_post_thumbnail":0,"footnotes":""},"yoast_head":"<!-- This site is optimized with the Yoast SEO plugin v21.7 - https:\/\/yoast.com\/wordpress\/plugins\/seo\/ -->\n<title>Accueil - Cordal\u00e8s<\/title>\n<meta name=\"robots\" content=\"index, follow, max-snippet:-1, max-image-preview:large, max-video-preview:-1\" \/>\n<link rel=\"canonical\" href=\"http:\/\/www.cordales.be\/\" \/>\n<meta property=\"og:locale\" content=\"fr_FR\" \/>\n<meta property=\"og:type\" content=\"article\" \/>\n<meta property=\"og:title\" content=\"Accueil - Cordal\u00e8s\" \/>\n<meta property=\"og:description\" content=\"Artiste peintre autodidacte, je m\u2019oblige \u00e0\u00a0cr\u00e9er des tableaux\u00a0quasi figuratifs, rejetant les outrances mercantiles du modernisme des artistes contemporains. Je peins \u00e0 l\u2019huile et suis un fan\u00a0 du clair-obscur et des glacis. Dans mes univers fantastiques, d\u00e9cal\u00e9s et subversifs,\u00a0\u00a0 je glorifie la femme, la beaut\u00e9, le diable et le c\u00f4t\u00e9 obscur de nos \u00e2mes. Ce serait &hellip; Continuer la lecture de Accueil &rarr;\" \/>\n<meta property=\"og:url\" content=\"http:\/\/www.cordales.be\/\" \/>\n<meta property=\"og:site_name\" content=\"Cordal\u00e8s\" \/>\n<meta property=\"article:modified_time\" content=\"2016-03-12T13:24:12+00:00\" \/>\n<script type=\"application\/ld+json\" class=\"yoast-schema-graph\">{\"@context\":\"https:\/\/schema.org\",\"@graph\":[{\"@type\":\"WebPage\",\"@id\":\"http:\/\/www.cordales.be\/\",\"url\":\"http:\/\/www.cordales.be\/\",\"name\":\"Accueil - Cordal\u00e8s\",\"isPartOf\":{\"@id\":\"http:\/\/www.cordales.be\/#website\"},\"datePublished\":\"2015-02-09T14:14:30+00:00\",\"dateModified\":\"2016-03-12T13:24:12+00:00\",\"breadcrumb\":{\"@id\":\"http:\/\/www.cordales.be\/#breadcrumb\"},\"inLanguage\":\"fr-FR\",\"potentialAction\":[{\"@type\":\"ReadAction\",\"target\":[\"http:\/\/www.cordales.be\/\"]}]},{\"@type\":\"BreadcrumbList\",\"@id\":\"http:\/\/www.cordales.be\/#breadcrumb\",\"itemListElement\":[{\"@type\":\"ListItem\",\"position\":1,\"name\":\"Accueil\",\"item\":\"http:\/\/www.cordales.be\/\"},{\"@type\":\"ListItem\",\"position\":2,\"name\":\"Accueil\"}]},{\"@type\":\"WebSite\",\"@id\":\"http:\/\/www.cordales.be\/#website\",\"url\":\"http:\/\/www.cordales.be\/\",\"name\":\"Cordal\u00e8s\",\"description\":\"Artiste peintre\",\"potentialAction\":[{\"@type\":\"SearchAction\",\"target\":{\"@type\":\"EntryPoint\",\"urlTemplate\":\"http:\/\/www.cordales.be\/?s={search_term_string}\"},\"query-input\":\"required name=search_term_string\"}],\"inLanguage\":\"fr-FR\"}]}<\/script>\n<!-- \/ Yoast SEO plugin. -->","yoast_head_json":{"title":"Accueil - Cordal\u00e8s","robots":{"index":"index","follow":"follow","max-snippet":"max-snippet:-1","max-image-preview":"max-image-preview:large","max-video-preview":"max-video-preview:-1"},"canonical":"http:\/\/www.cordales.be\/","og_locale":"fr_FR","og_type":"article","og_title":"Accueil - Cordal\u00e8s","og_description":"Artiste peintre autodidacte, je m\u2019oblige \u00e0\u00a0cr\u00e9er des tableaux\u00a0quasi figuratifs, rejetant les outrances mercantiles du modernisme des artistes contemporains. Je peins \u00e0 l\u2019huile et suis un fan\u00a0 du clair-obscur et des glacis. Dans mes univers fantastiques, d\u00e9cal\u00e9s et subversifs,\u00a0\u00a0 je glorifie la femme, la beaut\u00e9, le diable et le c\u00f4t\u00e9 obscur de nos \u00e2mes. Ce serait &hellip; Continuer la lecture de Accueil &rarr;","og_url":"http:\/\/www.cordales.be\/","og_site_name":"Cordal\u00e8s","article_modified_time":"2016-03-12T13:24:12+00:00","schema":{"@context":"https:\/\/schema.org","@graph":[{"@type":"WebPage","@id":"http:\/\/www.cordales.be\/","url":"http:\/\/www.cordales.be\/","name":"Accueil - Cordal\u00e8s","isPartOf":{"@id":"http:\/\/www.cordales.be\/#website"},"datePublished":"2015-02-09T14:14:30+00:00","dateModified":"2016-03-12T13:24:12+00:00","breadcrumb":{"@id":"http:\/\/www.cordales.be\/#breadcrumb"},"inLanguage":"fr-FR","potentialAction":[{"@type":"ReadAction","target":["http:\/\/www.cordales.be\/"]}]},{"@type":"BreadcrumbList","@id":"http:\/\/www.cordales.be\/#breadcrumb","itemListElement":[{"@type":"ListItem","position":1,"name":"Accueil","item":"http:\/\/www.cordales.be\/"},{"@type":"ListItem","position":2,"name":"Accueil"}]},{"@type":"WebSite","@id":"http:\/\/www.cordales.be\/#website","url":"http:\/\/www.cordales.be\/","name":"Cordal\u00e8s","description":"Artiste peintre","potentialAction":[{"@type":"SearchAction","target":{"@type":"EntryPoint","urlTemplate":"http:\/\/www.cordales.be\/?s={search_term_string}"},"query-input":"required name=search_term_string"}],"inLanguage":"fr-FR"}]}},"_links":{"self":[{"href":"http:\/\/www.cordales.be\/index.php\/wp-json\/wp\/v2\/pages\/2"}],"collection":[{"href":"http:\/\/www.cordales.be\/index.php\/wp-json\/wp\/v2\/pages"}],"about":[{"href":"http:\/\/www.cordales.be\/index.php\/wp-json\/wp\/v2\/types\/page"}],"author":[{"embeddable":true,"href":"http:\/\/www.cordales.be\/index.php\/wp-json\/wp\/v2\/users\/1"}],"replies":[{"embeddable":true,"href":"http:\/\/www.cordales.be\/index.php\/wp-json\/wp\/v2\/comments?post=2"}],"version-history":[{"count":14,"href":"http:\/\/www.cordales.be\/index.php\/wp-json\/wp\/v2\/pages\/2\/revisions"}],"predecessor-version":[{"id":647,"href":"http:\/\/www.cordales.be\/index.php\/wp-json\/wp\/v2\/pages\/2\/revisions\/647"}],"wp:attachment":[{"href":"http:\/\/www.cordales.be\/index.php\/wp-json\/wp\/v2\/media?parent=2"}],"curies":[{"name":"wp","href":"https:\/\/api.w.org\/{rel}","templated":true}]}}